{"id":20158,"date":"2024-04-26T17:00:09","date_gmt":"2024-04-26T15:00:09","guid":{"rendered":"https:\/\/www.dmd.eu\/?post_type=product&#038;p=20158"},"modified":"2026-01-25T13:56:20","modified_gmt":"2026-01-25T12:56:20","slug":"olympus-retro","status":"publish","type":"product","link":"https:\/\/dmd.eu\/de\/prodotto\/jet-helme\/retro-helme\/olympus-retro\/","title":{"rendered":"OLYMPUS"},"content":{"rendered":"<p>Der <strong>Jet-Helm <\/strong><strong>Retro Olympus<\/strong>, gl\u00e4nzend wei\u00df mit einem einfachen dekorativen Muster in Blaut\u00f6nen, ist das ideale Produkt f\u00fcr den Motorradfahrer, der den Stil der siebziger Jahre liebt, aber auch f\u00fcr den Rollerfahrer, der einen bequemen, kleinen, sicheren und originellen Helm sucht.<\/p>\n","protected":false},"excerpt":{"rendered":"<p>Der Jet-Helm Retro Olympus, gl\u00e4nzend wei\u00df mit einem einfachen dekorativen Muster in Blaut\u00f6nen, ist das ideale Produkt f\u00fcr den Motorradfahrer, der den Stil der siebziger Jahre liebt, aber auch f\u00fcr den Rollerfahrer, der einen bequemen, kleinen, sicheren und originellen Helm sucht.<\/p>\n","protected":false},"featured_media":45794,"comment_status":"closed","ping_status":"closed","template":"","meta":{"_acf_changed":false},"product_brand":[],"product_cat":[121,457],"product_tag":[],"giftcard-category":[],"class_list":{"0":"post-20158","1":"product","2":"type-product","3":"status-publish","4":"has-post-thumbnail","6":"product_cat-jet-helme","7":"product_cat-retro-helme","9":"first","10":"instock","11":"taxable","12":"shipping-taxable","13":"purchasable","14":"product-type-variable"},"acf":[],"jetpack_sharing_enabled":true,"_links":{"self":[{"href":"https:\/\/dmd.eu\/de\/wp-json\/wp\/v2\/product\/20158","targetHints":{"allow":["GET"]}}],"collection":[{"href":"https:\/\/dmd.eu\/de\/wp-json\/wp\/v2\/product"}],"about":[{"href":"https:\/\/dmd.eu\/de\/wp-json\/wp\/v2\/types\/product"}],"replies":[{"embeddable":true,"href":"https:\/\/dmd.eu\/de\/wp-json\/wp\/v2\/comments?post=20158"}],"wp:featuredmedia":[{"embeddable":true,"href":"https:\/\/dmd.eu\/de\/wp-json\/wp\/v2\/media\/45794"}],"wp:attachment":[{"href":"https:\/\/dmd.eu\/de\/wp-json\/wp\/v2\/media?parent=20158"}],"wp:term":[{"taxonomy":"product_brand","embeddable":true,"href":"https:\/\/dmd.eu\/de\/wp-json\/wp\/v2\/product_brand?post=20158"},{"taxonomy":"product_cat","embeddable":true,"href":"https:\/\/dmd.eu\/de\/wp-json\/wp\/v2\/product_cat?post=20158"},{"taxonomy":"product_tag","embeddable":true,"href":"https:\/\/dmd.eu\/de\/wp-json\/wp\/v2\/product_tag?post=20158"},{"taxonomy":"giftcard-category","embeddable":true,"href":"https:\/\/dmd.eu\/de\/wp-json\/wp\/v2\/giftcard-category?post=20158"}],"curies":[{"name":"wp","href":"https:\/\/api.w.org\/{rel}","templated":true}]}}