{"id":19718,"date":"2024-04-26T11:53:03","date_gmt":"2024-04-26T09:53:03","guid":{"rendered":"https:\/\/www.dmd.eu\/?post_type=product&#038;p=19718"},"modified":"2026-03-26T17:43:15","modified_gmt":"2026-03-26T16:43:15","slug":"matt-green-retro","status":"publish","type":"product","link":"https:\/\/dmd.eu\/de\/prodotto\/jet-helme\/retro-helme\/matt-green-retro\/","title":{"rendered":"MATT GREEN"},"content":{"rendered":"<p>Der <strong>Jet-Helm Retro Matt Green<\/strong>\u00a0geh\u00f6rt zum einfarbigen Sortiment und hat eine mattgr\u00fcne Oberfl\u00e4che. Sicher, komfortabel und kompakt, passt es perfekt zu jeder Art von Motorrad, sei es Custom, Vintage oder Caf\u00e9 Racer.<\/p>\n","protected":false},"excerpt":{"rendered":"<p>Der Jet-Helm Retro Matt Green\u00a0geh\u00f6rt zum einfarbigen Sortiment und hat eine mattgr\u00fcne Oberfl\u00e4che. Sicher, komfortabel und kompakt, passt es perfekt zu jeder Art von Motorrad, sei es Custom, Vintage oder Caf\u00e9 Racer.<\/p>\n","protected":false},"featured_media":48630,"comment_status":"closed","ping_status":"closed","template":"","meta":{"_acf_changed":false},"product_brand":[],"product_cat":[121,457],"product_tag":[],"giftcard-category":[],"class_list":{"0":"post-19718","1":"product","2":"type-product","3":"status-publish","4":"has-post-thumbnail","6":"product_cat-jet-helme","7":"product_cat-retro-helme","9":"first","10":"instock","11":"taxable","12":"shipping-taxable","13":"purchasable","14":"product-type-variable"},"acf":[],"jetpack_sharing_enabled":true,"_links":{"self":[{"href":"https:\/\/dmd.eu\/de\/wp-json\/wp\/v2\/product\/19718","targetHints":{"allow":["GET"]}}],"collection":[{"href":"https:\/\/dmd.eu\/de\/wp-json\/wp\/v2\/product"}],"about":[{"href":"https:\/\/dmd.eu\/de\/wp-json\/wp\/v2\/types\/product"}],"replies":[{"embeddable":true,"href":"https:\/\/dmd.eu\/de\/wp-json\/wp\/v2\/comments?post=19718"}],"wp:featuredmedia":[{"embeddable":true,"href":"https:\/\/dmd.eu\/de\/wp-json\/wp\/v2\/media\/48630"}],"wp:attachment":[{"href":"https:\/\/dmd.eu\/de\/wp-json\/wp\/v2\/media?parent=19718"}],"wp:term":[{"taxonomy":"product_brand","embeddable":true,"href":"https:\/\/dmd.eu\/de\/wp-json\/wp\/v2\/product_brand?post=19718"},{"taxonomy":"product_cat","embeddable":true,"href":"https:\/\/dmd.eu\/de\/wp-json\/wp\/v2\/product_cat?post=19718"},{"taxonomy":"product_tag","embeddable":true,"href":"https:\/\/dmd.eu\/de\/wp-json\/wp\/v2\/product_tag?post=19718"},{"taxonomy":"giftcard-category","embeddable":true,"href":"https:\/\/dmd.eu\/de\/wp-json\/wp\/v2\/giftcard-category?post=19718"}],"curies":[{"name":"wp","href":"https:\/\/api.w.org\/{rel}","templated":true}]}}