{"id":19553,"date":"2024-04-26T10:52:42","date_gmt":"2024-04-26T08:52:42","guid":{"rendered":"https:\/\/www.dmd.eu\/?post_type=product&#038;p=19553"},"modified":"2025-12-13T12:39:52","modified_gmt":"2025-12-13T11:39:52","slug":"solid-white-retro","status":"publish","type":"product","link":"https:\/\/dmd.eu\/de\/prodotto\/jet-helme\/retro-helme\/solid-white-retro\/","title":{"rendered":"SOLID WHITE"},"content":{"rendered":"<p>Der <strong>Jet-Helm Retro Solid White<\/strong>\u00a0ist sicher, komfortabel und kompakt; geeignet f\u00fcr diejenigen, die einfache und essentielle Eleganz auch auf dem Motorrad lieben. Die Neutralit\u00e4t und die gl\u00e4nzende wei\u00dfe Farbe machen es mit jeder Art von Custom, Vintage, Caf\u00e9 Racer, Harley Davidson, Triumph, BMW, Honda, Guzzi, Indian, Vespa oder Scooter zu kombinieren.<\/p>\n","protected":false},"excerpt":{"rendered":"<p>Der Jet-Helm Retro Solid White\u00a0ist sicher, komfortabel und kompakt; geeignet f\u00fcr diejenigen, die einfache und essentielle Eleganz auch auf dem Motorrad lieben. Die Neutralit\u00e4t und die gl\u00e4nzende wei\u00dfe Farbe machen es mit jeder Art von Custom, Vintage, Caf\u00e9 Racer, Harley Davidson, Triumph, BMW, Honda, Guzzi, Indian, Vespa oder Scooter zu kombinieren.<\/p>\n","protected":false},"featured_media":42311,"comment_status":"closed","ping_status":"closed","template":"","meta":{"_acf_changed":false},"product_brand":[],"product_cat":[121,457],"product_tag":[],"giftcard-category":[],"class_list":{"0":"post-19553","1":"product","2":"type-product","3":"status-publish","4":"has-post-thumbnail","6":"product_cat-jet-helme","7":"product_cat-retro-helme","9":"first","10":"instock","11":"taxable","12":"shipping-taxable","13":"purchasable","14":"product-type-variable"},"acf":[],"jetpack_sharing_enabled":true,"_links":{"self":[{"href":"https:\/\/dmd.eu\/de\/wp-json\/wp\/v2\/product\/19553","targetHints":{"allow":["GET"]}}],"collection":[{"href":"https:\/\/dmd.eu\/de\/wp-json\/wp\/v2\/product"}],"about":[{"href":"https:\/\/dmd.eu\/de\/wp-json\/wp\/v2\/types\/product"}],"replies":[{"embeddable":true,"href":"https:\/\/dmd.eu\/de\/wp-json\/wp\/v2\/comments?post=19553"}],"wp:featuredmedia":[{"embeddable":true,"href":"https:\/\/dmd.eu\/de\/wp-json\/wp\/v2\/media\/42311"}],"wp:attachment":[{"href":"https:\/\/dmd.eu\/de\/wp-json\/wp\/v2\/media?parent=19553"}],"wp:term":[{"taxonomy":"product_brand","embeddable":true,"href":"https:\/\/dmd.eu\/de\/wp-json\/wp\/v2\/product_brand?post=19553"},{"taxonomy":"product_cat","embeddable":true,"href":"https:\/\/dmd.eu\/de\/wp-json\/wp\/v2\/product_cat?post=19553"},{"taxonomy":"product_tag","embeddable":true,"href":"https:\/\/dmd.eu\/de\/wp-json\/wp\/v2\/product_tag?post=19553"},{"taxonomy":"giftcard-category","embeddable":true,"href":"https:\/\/dmd.eu\/de\/wp-json\/wp\/v2\/giftcard-category?post=19553"}],"curies":[{"name":"wp","href":"https:\/\/api.w.org\/{rel}","templated":true}]}}