{"id":19494,"date":"2024-04-23T17:03:43","date_gmt":"2024-04-23T15:03:43","guid":{"rendered":"https:\/\/www.dmd.eu\/?post_type=product&#038;p=19494"},"modified":"2026-04-14T14:15:46","modified_gmt":"2026-04-14T12:15:46","slug":"solid-black-retro","status":"publish","type":"product","link":"https:\/\/dmd.eu\/de\/prodotto\/jet-helme\/retro-helme\/solid-black-retro\/","title":{"rendered":"SOLID BLACK"},"content":{"rendered":"<p>Der <strong>Jet-Helm Retro Solid Black<\/strong>\u00a0ist klein, sicher, komfortabel; geeignet f\u00fcr diejenigen, die einfache und essentielle Eleganz auch auf dem Motorrad lieben. Die Neutralit\u00e4t und die gl\u00e4nzende schwarze Farbe machen es mit allen Arten von Custom, Vintage, Caf\u00e9-Racer, Harley Davidson, Triumph, BMW, Honda, Guzzi, Indian, Vespa oder Scooter-Motorr\u00e4dern kompatibel.<\/p>\n","protected":false},"excerpt":{"rendered":"<p>Der Jet-Helm Retro Solid Black\u00a0ist klein, sicher, komfortabel; geeignet f\u00fcr diejenigen, die einfache und essentielle Eleganz auch auf dem Motorrad lieben. Die Neutralit\u00e4t und die gl\u00e4nzende schwarze Farbe machen es mit allen Arten von Custom, Vintage, Caf\u00e9-Racer, Harley Davidson, Triumph, BMW, Honda, Guzzi, Indian, Vespa oder Scooter-Motorr\u00e4dern kompatibel.<\/p>\n","protected":false},"featured_media":41067,"comment_status":"closed","ping_status":"closed","template":"","meta":{"_acf_changed":false},"product_brand":[],"product_cat":[121,457],"product_tag":[],"giftcard-category":[],"class_list":{"0":"post-19494","1":"product","2":"type-product","3":"status-publish","4":"has-post-thumbnail","6":"product_cat-jet-helme","7":"product_cat-retro-helme","9":"first","10":"instock","11":"taxable","12":"shipping-taxable","13":"purchasable","14":"product-type-variable"},"acf":[],"jetpack_sharing_enabled":true,"_links":{"self":[{"href":"https:\/\/dmd.eu\/de\/wp-json\/wp\/v2\/product\/19494","targetHints":{"allow":["GET"]}}],"collection":[{"href":"https:\/\/dmd.eu\/de\/wp-json\/wp\/v2\/product"}],"about":[{"href":"https:\/\/dmd.eu\/de\/wp-json\/wp\/v2\/types\/product"}],"replies":[{"embeddable":true,"href":"https:\/\/dmd.eu\/de\/wp-json\/wp\/v2\/comments?post=19494"}],"wp:featuredmedia":[{"embeddable":true,"href":"https:\/\/dmd.eu\/de\/wp-json\/wp\/v2\/media\/41067"}],"wp:attachment":[{"href":"https:\/\/dmd.eu\/de\/wp-json\/wp\/v2\/media?parent=19494"}],"wp:term":[{"taxonomy":"product_brand","embeddable":true,"href":"https:\/\/dmd.eu\/de\/wp-json\/wp\/v2\/product_brand?post=19494"},{"taxonomy":"product_cat","embeddable":true,"href":"https:\/\/dmd.eu\/de\/wp-json\/wp\/v2\/product_cat?post=19494"},{"taxonomy":"product_tag","embeddable":true,"href":"https:\/\/dmd.eu\/de\/wp-json\/wp\/v2\/product_tag?post=19494"},{"taxonomy":"giftcard-category","embeddable":true,"href":"https:\/\/dmd.eu\/de\/wp-json\/wp\/v2\/giftcard-category?post=19494"}],"curies":[{"name":"wp","href":"https:\/\/api.w.org\/{rel}","templated":true}]}}