{"id":19439,"date":"2024-04-23T16:55:49","date_gmt":"2024-04-23T14:55:49","guid":{"rendered":"https:\/\/www.dmd.eu\/?post_type=product&#038;p=19439"},"modified":"2026-03-31T15:05:22","modified_gmt":"2026-03-31T13:05:22","slug":"crayon-grey-retro","status":"publish","type":"product","link":"https:\/\/dmd.eu\/de\/prodotto\/jet-helme\/retro-helme\/crayon-grey-retro\/","title":{"rendered":"CRAYON GREY"},"content":{"rendered":"<p>Der <strong>Jet-Helm Retro Crayon Grey<\/strong>\u00a0ist in der Farbe Grau mit gl\u00e4nzendem Finish gefertigt. Die Einfachheit dieses Modells macht es zu einem perfekten Accessoire f\u00fcr Ihr Motorrad, egal ob Custom, Vintage oder Caf\u00e9 Racer.<\/p>\n","protected":false},"excerpt":{"rendered":"<p>Der Jet-Helm Retro Crayon Grey\u00a0ist in der Farbe Grau mit gl\u00e4nzendem Finish gefertigt. Die Einfachheit dieses Modells macht es zu einem perfekten Accessoire f\u00fcr Ihr Motorrad, egal ob Custom, Vintage oder Caf\u00e9 Racer.<\/p>\n","protected":false},"featured_media":42273,"comment_status":"closed","ping_status":"closed","template":"","meta":{"_acf_changed":false},"product_brand":[],"product_cat":[121,457],"product_tag":[],"giftcard-category":[],"class_list":{"0":"post-19439","1":"product","2":"type-product","3":"status-publish","4":"has-post-thumbnail","6":"product_cat-jet-helme","7":"product_cat-retro-helme","9":"first","10":"instock","11":"taxable","12":"shipping-taxable","13":"purchasable","14":"product-type-variable"},"acf":[],"jetpack_sharing_enabled":true,"_links":{"self":[{"href":"https:\/\/dmd.eu\/de\/wp-json\/wp\/v2\/product\/19439","targetHints":{"allow":["GET"]}}],"collection":[{"href":"https:\/\/dmd.eu\/de\/wp-json\/wp\/v2\/product"}],"about":[{"href":"https:\/\/dmd.eu\/de\/wp-json\/wp\/v2\/types\/product"}],"replies":[{"embeddable":true,"href":"https:\/\/dmd.eu\/de\/wp-json\/wp\/v2\/comments?post=19439"}],"wp:featuredmedia":[{"embeddable":true,"href":"https:\/\/dmd.eu\/de\/wp-json\/wp\/v2\/media\/42273"}],"wp:attachment":[{"href":"https:\/\/dmd.eu\/de\/wp-json\/wp\/v2\/media?parent=19439"}],"wp:term":[{"taxonomy":"product_brand","embeddable":true,"href":"https:\/\/dmd.eu\/de\/wp-json\/wp\/v2\/product_brand?post=19439"},{"taxonomy":"product_cat","embeddable":true,"href":"https:\/\/dmd.eu\/de\/wp-json\/wp\/v2\/product_cat?post=19439"},{"taxonomy":"product_tag","embeddable":true,"href":"https:\/\/dmd.eu\/de\/wp-json\/wp\/v2\/product_tag?post=19439"},{"taxonomy":"giftcard-category","embeddable":true,"href":"https:\/\/dmd.eu\/de\/wp-json\/wp\/v2\/giftcard-category?post=19439"}],"curies":[{"name":"wp","href":"https:\/\/api.w.org\/{rel}","templated":true}]}}