{"id":19384,"date":"2024-04-23T16:47:40","date_gmt":"2024-04-23T14:47:40","guid":{"rendered":"https:\/\/www.dmd.eu\/?post_type=product&#038;p=19384"},"modified":"2025-12-02T00:14:04","modified_gmt":"2025-12-01T23:14:04","slug":"light-blue-retro","status":"publish","type":"product","link":"https:\/\/dmd.eu\/de\/prodotto\/jet-helme\/retro-helme\/light-blue-retro\/","title":{"rendered":"LIGHT BLUE"},"content":{"rendered":"<p>Der <strong>Jet-Helm Retro Light Blue<\/strong> ist ein einfarbiger Helm aus der DMD Jet Retro Kollektion. Sein Blauton erinnert an die Farbe des Himmels an klarsten Tagen. Der Jet-Helm Retro Light Blue eignet sich f\u00fcr alle Motorradfahrer und Rollerfahrer, die einen sauberen und nie aus der Mode gekommenen Helm suchen, und l\u00e4sst sich leicht mit jedem Motorradstil kombinieren, sei es Custom, Vintage oder Caf\u00e9 Racer.<\/p>\n","protected":false},"excerpt":{"rendered":"<p>Der Jet-Helm Retro Light Blue ist ein einfarbiger Helm aus der DMD Jet Retro Kollektion. Sein Blauton erinnert an die Farbe des Himmels an klarsten Tagen. Der Jet-Helm Retro Light Blue eignet sich f\u00fcr alle Motorradfahrer und Rollerfahrer, die einen sauberen und nie aus der Mode gekommenen Helm suchen, und l\u00e4sst sich leicht mit jedem [&hellip;]<\/p>\n","protected":false},"featured_media":42243,"comment_status":"closed","ping_status":"closed","template":"","meta":{"_acf_changed":false},"product_brand":[],"product_cat":[121,457],"product_tag":[],"giftcard-category":[],"class_list":{"0":"post-19384","1":"product","2":"type-product","3":"status-publish","4":"has-post-thumbnail","6":"product_cat-jet-helme","7":"product_cat-retro-helme","9":"first","10":"instock","11":"taxable","12":"shipping-taxable","13":"purchasable","14":"product-type-variable"},"acf":[],"jetpack_sharing_enabled":true,"_links":{"self":[{"href":"https:\/\/dmd.eu\/de\/wp-json\/wp\/v2\/product\/19384","targetHints":{"allow":["GET"]}}],"collection":[{"href":"https:\/\/dmd.eu\/de\/wp-json\/wp\/v2\/product"}],"about":[{"href":"https:\/\/dmd.eu\/de\/wp-json\/wp\/v2\/types\/product"}],"replies":[{"embeddable":true,"href":"https:\/\/dmd.eu\/de\/wp-json\/wp\/v2\/comments?post=19384"}],"wp:featuredmedia":[{"embeddable":true,"href":"https:\/\/dmd.eu\/de\/wp-json\/wp\/v2\/media\/42243"}],"wp:attachment":[{"href":"https:\/\/dmd.eu\/de\/wp-json\/wp\/v2\/media?parent=19384"}],"wp:term":[{"taxonomy":"product_brand","embeddable":true,"href":"https:\/\/dmd.eu\/de\/wp-json\/wp\/v2\/product_brand?post=19384"},{"taxonomy":"product_cat","embeddable":true,"href":"https:\/\/dmd.eu\/de\/wp-json\/wp\/v2\/product_cat?post=19384"},{"taxonomy":"product_tag","embeddable":true,"href":"https:\/\/dmd.eu\/de\/wp-json\/wp\/v2\/product_tag?post=19384"},{"taxonomy":"giftcard-category","embeddable":true,"href":"https:\/\/dmd.eu\/de\/wp-json\/wp\/v2\/giftcard-category?post=19384"}],"curies":[{"name":"wp","href":"https:\/\/api.w.org\/{rel}","templated":true}]}}