{"id":19274,"date":"2024-04-23T16:28:44","date_gmt":"2024-04-23T14:28:44","guid":{"rendered":"https:\/\/www.dmd.eu\/?post_type=product&#038;p=19274"},"modified":"2025-12-02T00:14:05","modified_gmt":"2025-12-01T23:14:05","slug":"orange-retro","status":"publish","type":"product","link":"https:\/\/dmd.eu\/de\/prodotto\/jet-helme\/retro-helme\/orange-retro\/","title":{"rendered":"ORANGE"},"content":{"rendered":"<p>Der <strong>Jet-Helm Retro Orange<\/strong> ist Teil der DMD Jet Retro Helmkollektion. Obwohl er einfarbig ist, ist er dank der hellen Oranget\u00f6ne, mit denen hergestellt wird, ein sehr auff\u00e4lliger Helm. F\u00fcr alle Motorradfahrer, die auf ihrem Motorrad auffallen m\u00f6chten, ist der Jet-Helm Retro Orange perfekt in Kombination mit Custom, Vintage, Caf\u00e9 Racer-Motorr\u00e4dern oder Rollern.<\/p>\n","protected":false},"excerpt":{"rendered":"<p>Der Jet-Helm Retro Orange ist Teil der DMD Jet Retro Helmkollektion. Obwohl er einfarbig ist, ist er dank der hellen Oranget\u00f6ne, mit denen hergestellt wird, ein sehr auff\u00e4lliger Helm. F\u00fcr alle Motorradfahrer, die auf ihrem Motorrad auffallen m\u00f6chten, ist der Jet-Helm Retro Orange perfekt in Kombination mit Custom, Vintage, Caf\u00e9 Racer-Motorr\u00e4dern oder Rollern.<\/p>\n","protected":false},"featured_media":42203,"comment_status":"closed","ping_status":"closed","template":"","meta":{"_acf_changed":false},"product_brand":[],"product_cat":[121,457],"product_tag":[],"giftcard-category":[],"class_list":{"0":"post-19274","1":"product","2":"type-product","3":"status-publish","4":"has-post-thumbnail","6":"product_cat-jet-helme","7":"product_cat-retro-helme","9":"first","10":"instock","11":"taxable","12":"shipping-taxable","13":"purchasable","14":"product-type-variable"},"acf":[],"jetpack_sharing_enabled":true,"_links":{"self":[{"href":"https:\/\/dmd.eu\/de\/wp-json\/wp\/v2\/product\/19274","targetHints":{"allow":["GET"]}}],"collection":[{"href":"https:\/\/dmd.eu\/de\/wp-json\/wp\/v2\/product"}],"about":[{"href":"https:\/\/dmd.eu\/de\/wp-json\/wp\/v2\/types\/product"}],"replies":[{"embeddable":true,"href":"https:\/\/dmd.eu\/de\/wp-json\/wp\/v2\/comments?post=19274"}],"wp:featuredmedia":[{"embeddable":true,"href":"https:\/\/dmd.eu\/de\/wp-json\/wp\/v2\/media\/42203"}],"wp:attachment":[{"href":"https:\/\/dmd.eu\/de\/wp-json\/wp\/v2\/media?parent=19274"}],"wp:term":[{"taxonomy":"product_brand","embeddable":true,"href":"https:\/\/dmd.eu\/de\/wp-json\/wp\/v2\/product_brand?post=19274"},{"taxonomy":"product_cat","embeddable":true,"href":"https:\/\/dmd.eu\/de\/wp-json\/wp\/v2\/product_cat?post=19274"},{"taxonomy":"product_tag","embeddable":true,"href":"https:\/\/dmd.eu\/de\/wp-json\/wp\/v2\/product_tag?post=19274"},{"taxonomy":"giftcard-category","embeddable":true,"href":"https:\/\/dmd.eu\/de\/wp-json\/wp\/v2\/giftcard-category?post=19274"}],"curies":[{"name":"wp","href":"https:\/\/api.w.org\/{rel}","templated":true}]}}