{"id":19217,"date":"2024-04-23T16:06:11","date_gmt":"2024-04-23T14:06:11","guid":{"rendered":"https:\/\/www.dmd.eu\/?post_type=product&#038;p=19217"},"modified":"2026-04-08T21:40:30","modified_gmt":"2026-04-08T19:40:30","slug":"cream-retro","status":"publish","type":"product","link":"https:\/\/dmd.eu\/de\/prodotto\/jet-helme\/retro-helme\/cream-retro\/","title":{"rendered":"CREAM"},"content":{"rendered":"<p>Der <strong>Jet-Helm Retro Cream<\/strong> ist Teil der DMD Jet Retro Helmkollektion. Seine cremefarbene Farbe verleiht ihm einen eleganten und zeitlosen Charakter, der sich daher f\u00fcr jeden Motorrad und Motorradstil eignet. Der Jet-Helm Retro Cream ist perfekt f\u00fcr Custom, Vintage, Caf\u00e9, Racer oder Rollermotorr\u00e4der und wird Ihr Fahroutfit bereichern.<\/p>\n","protected":false},"excerpt":{"rendered":"<p>Der Jet-Helm Retro Cream ist Teil der DMD Jet Retro Helmkollektion. Seine cremefarbene Farbe verleiht ihm einen eleganten und zeitlosen Charakter, der sich daher f\u00fcr jeden Motorrad und Motorradstil eignet. Der Jet-Helm Retro Cream ist perfekt f\u00fcr Custom, Vintage, Caf\u00e9, Racer oder Rollermotorr\u00e4der und wird Ihr Fahroutfit bereichern.<\/p>\n","protected":false},"featured_media":40951,"comment_status":"closed","ping_status":"closed","template":"","meta":{"_acf_changed":false},"product_brand":[],"product_cat":[121,457],"product_tag":[],"giftcard-category":[],"class_list":{"0":"post-19217","1":"product","2":"type-product","3":"status-publish","4":"has-post-thumbnail","6":"product_cat-jet-helme","7":"product_cat-retro-helme","9":"first","10":"instock","11":"taxable","12":"shipping-taxable","13":"purchasable","14":"product-type-variable"},"acf":[],"jetpack_sharing_enabled":true,"_links":{"self":[{"href":"https:\/\/dmd.eu\/de\/wp-json\/wp\/v2\/product\/19217","targetHints":{"allow":["GET"]}}],"collection":[{"href":"https:\/\/dmd.eu\/de\/wp-json\/wp\/v2\/product"}],"about":[{"href":"https:\/\/dmd.eu\/de\/wp-json\/wp\/v2\/types\/product"}],"replies":[{"embeddable":true,"href":"https:\/\/dmd.eu\/de\/wp-json\/wp\/v2\/comments?post=19217"}],"wp:featuredmedia":[{"embeddable":true,"href":"https:\/\/dmd.eu\/de\/wp-json\/wp\/v2\/media\/40951"}],"wp:attachment":[{"href":"https:\/\/dmd.eu\/de\/wp-json\/wp\/v2\/media?parent=19217"}],"wp:term":[{"taxonomy":"product_brand","embeddable":true,"href":"https:\/\/dmd.eu\/de\/wp-json\/wp\/v2\/product_brand?post=19217"},{"taxonomy":"product_cat","embeddable":true,"href":"https:\/\/dmd.eu\/de\/wp-json\/wp\/v2\/product_cat?post=19217"},{"taxonomy":"product_tag","embeddable":true,"href":"https:\/\/dmd.eu\/de\/wp-json\/wp\/v2\/product_tag?post=19217"},{"taxonomy":"giftcard-category","embeddable":true,"href":"https:\/\/dmd.eu\/de\/wp-json\/wp\/v2\/giftcard-category?post=19217"}],"curies":[{"name":"wp","href":"https:\/\/api.w.org\/{rel}","templated":true}]}}