{"id":19102,"date":"2024-04-23T15:46:34","date_gmt":"2024-04-23T13:46:34","guid":{"rendered":"https:\/\/www.dmd.eu\/?post_type=product&#038;p=19102"},"modified":"2026-02-19T17:17:53","modified_gmt":"2026-02-19T16:17:53","slug":"yellow-retro","status":"publish","type":"product","link":"https:\/\/dmd.eu\/de\/prodotto\/jet-helme\/retro-helme\/yellow-retro\/","title":{"rendered":"YELLOW"},"content":{"rendered":"<p>Der<strong> Jet-Helm Retro Yellow<\/strong>\u00a0ist besonders f\u00fcr seine leuchtend gelbe Farbe mit gl\u00e4nzendem Finish. Diese 1975 eingef\u00fchrte Farbe entstand im Gegensatz zum Wei\u00df der Standardhelme und ver\u00e4nderte den Trend der damaligen Zeit v\u00f6llig. Ein Helm, der nicht unbemerkt bleibt, geeignet f\u00fcr den Motorradfahrer mit sonnigem Charakter.<\/p>\n","protected":false},"excerpt":{"rendered":"<p>Der Jet-Helm Retro Yellow\u00a0ist besonders f\u00fcr seine leuchtend gelbe Farbe mit gl\u00e4nzendem Finish. Diese 1975 eingef\u00fchrte Farbe entstand im Gegensatz zum Wei\u00df der Standardhelme und ver\u00e4nderte den Trend der damaligen Zeit v\u00f6llig. Ein Helm, der nicht unbemerkt bleibt, geeignet f\u00fcr den Motorradfahrer mit sonnigem Charakter.<\/p>\n","protected":false},"featured_media":42183,"comment_status":"closed","ping_status":"closed","template":"","meta":{"_acf_changed":false},"product_brand":[],"product_cat":[121,457],"product_tag":[],"giftcard-category":[],"class_list":{"0":"post-19102","1":"product","2":"type-product","3":"status-publish","4":"has-post-thumbnail","6":"product_cat-jet-helme","7":"product_cat-retro-helme","9":"first","10":"instock","11":"taxable","12":"shipping-taxable","13":"purchasable","14":"product-type-variable"},"acf":[],"jetpack_sharing_enabled":true,"_links":{"self":[{"href":"https:\/\/dmd.eu\/de\/wp-json\/wp\/v2\/product\/19102","targetHints":{"allow":["GET"]}}],"collection":[{"href":"https:\/\/dmd.eu\/de\/wp-json\/wp\/v2\/product"}],"about":[{"href":"https:\/\/dmd.eu\/de\/wp-json\/wp\/v2\/types\/product"}],"replies":[{"embeddable":true,"href":"https:\/\/dmd.eu\/de\/wp-json\/wp\/v2\/comments?post=19102"}],"wp:featuredmedia":[{"embeddable":true,"href":"https:\/\/dmd.eu\/de\/wp-json\/wp\/v2\/media\/42183"}],"wp:attachment":[{"href":"https:\/\/dmd.eu\/de\/wp-json\/wp\/v2\/media?parent=19102"}],"wp:term":[{"taxonomy":"product_brand","embeddable":true,"href":"https:\/\/dmd.eu\/de\/wp-json\/wp\/v2\/product_brand?post=19102"},{"taxonomy":"product_cat","embeddable":true,"href":"https:\/\/dmd.eu\/de\/wp-json\/wp\/v2\/product_cat?post=19102"},{"taxonomy":"product_tag","embeddable":true,"href":"https:\/\/dmd.eu\/de\/wp-json\/wp\/v2\/product_tag?post=19102"},{"taxonomy":"giftcard-category","embeddable":true,"href":"https:\/\/dmd.eu\/de\/wp-json\/wp\/v2\/giftcard-category?post=19102"}],"curies":[{"name":"wp","href":"https:\/\/api.w.org\/{rel}","templated":true}]}}