{"id":19029,"date":"2024-04-23T15:21:27","date_gmt":"2024-04-23T13:21:27","guid":{"rendered":"https:\/\/www.dmd.eu\/?post_type=product&#038;p=19029"},"modified":"2026-03-22T09:51:42","modified_gmt":"2026-03-22T08:51:42","slug":"caffe-retro","status":"publish","type":"product","link":"https:\/\/dmd.eu\/de\/prodotto\/jet-helme\/retro-helme\/caffe-retro\/","title":{"rendered":"CAFF\u00c8"},"content":{"rendered":"<p>Der <strong>Jet-Helm Retro Caff\u00e8<\/strong>\u00a0ist in der Farbe &#8222;Kaffee\u201c mit mattem Finish gefertigt. Die Einfachheit dieses Modells macht es zu einem perfekten Accessoire f\u00fcr Ihr Motorrad, egal ob Custom, Vintage oder Caf\u00e9 Racer. Es ist auch ein ideales Modell f\u00fcr den Rollerfahrer, der einen bequemen, kleinen, sicheren und originellen Helm sucht.<\/p>\n","protected":false},"excerpt":{"rendered":"<p>Der Jet-Helm Retro Caff\u00e8\u00a0ist in der Farbe &#8222;Kaffee\u201c mit mattem Finish gefertigt. Die Einfachheit dieses Modells macht es zu einem perfekten Accessoire f\u00fcr Ihr Motorrad, egal ob Custom, Vintage oder Caf\u00e9 Racer. Es ist auch ein ideales Modell f\u00fcr den Rollerfahrer, der einen bequemen, kleinen, sicheren und originellen Helm sucht.<\/p>\n","protected":false},"featured_media":42361,"comment_status":"closed","ping_status":"closed","template":"","meta":{"_acf_changed":false},"product_brand":[],"product_cat":[121,457],"product_tag":[],"giftcard-category":[],"class_list":{"0":"post-19029","1":"product","2":"type-product","3":"status-publish","4":"has-post-thumbnail","6":"product_cat-jet-helme","7":"product_cat-retro-helme","9":"first","10":"instock","11":"taxable","12":"shipping-taxable","13":"purchasable","14":"product-type-variable"},"acf":[],"jetpack_sharing_enabled":true,"_links":{"self":[{"href":"https:\/\/dmd.eu\/de\/wp-json\/wp\/v2\/product\/19029","targetHints":{"allow":["GET"]}}],"collection":[{"href":"https:\/\/dmd.eu\/de\/wp-json\/wp\/v2\/product"}],"about":[{"href":"https:\/\/dmd.eu\/de\/wp-json\/wp\/v2\/types\/product"}],"replies":[{"embeddable":true,"href":"https:\/\/dmd.eu\/de\/wp-json\/wp\/v2\/comments?post=19029"}],"wp:featuredmedia":[{"embeddable":true,"href":"https:\/\/dmd.eu\/de\/wp-json\/wp\/v2\/media\/42361"}],"wp:attachment":[{"href":"https:\/\/dmd.eu\/de\/wp-json\/wp\/v2\/media?parent=19029"}],"wp:term":[{"taxonomy":"product_brand","embeddable":true,"href":"https:\/\/dmd.eu\/de\/wp-json\/wp\/v2\/product_brand?post=19029"},{"taxonomy":"product_cat","embeddable":true,"href":"https:\/\/dmd.eu\/de\/wp-json\/wp\/v2\/product_cat?post=19029"},{"taxonomy":"product_tag","embeddable":true,"href":"https:\/\/dmd.eu\/de\/wp-json\/wp\/v2\/product_tag?post=19029"},{"taxonomy":"giftcard-category","embeddable":true,"href":"https:\/\/dmd.eu\/de\/wp-json\/wp\/v2\/giftcard-category?post=19029"}],"curies":[{"name":"wp","href":"https:\/\/api.w.org\/{rel}","templated":true}]}}