{"id":18321,"date":"2024-03-21T10:01:15","date_gmt":"2024-03-21T09:01:15","guid":{"rendered":"https:\/\/www.dmd.eu\/?post_type=product&#038;p=18321"},"modified":"2026-04-27T05:26:40","modified_gmt":"2026-04-27T03:26:40","slug":"ghost-green-2","status":"publish","type":"product","link":"https:\/\/dmd.eu\/de\/prodotto\/integralhelme\/accessoires-integralhelme\/ghost-green-2\/","title":{"rendered":"GHOST GREEN"},"content":{"rendered":"<p>Das <strong>Ghost Green<\/strong>\u00a0ist f\u00fcr die DMD Retro, Vintage, Racer und Seventyfive Helme gedacht. Es handelt sich um eine Maske in gr\u00fcn Farbe mit Anpassungen entlang des Gummibandes, die diesem Accessoire Charakter verleihen. Mit seinem unverwechselbaren Design, das die in den siebziger Jahren verwendeten Masken aufgreift, ist der Ghost f\u00fcr DMD Motorradhelme mit heller oder dunkler Linse erh\u00e4ltlich. Sie k\u00f6nnen eine helle, dunkle, gespiegelte oder gelbe Ersatzlinse separat erwerben.<\/p>\n","protected":false},"excerpt":{"rendered":"<p>Das Ghost Green\u00a0ist f\u00fcr die DMD Retro, Vintage, Racer und Seventyfive Helme gedacht. Es handelt sich um eine Maske in gr\u00fcn Farbe mit Anpassungen entlang des Gummibandes, die diesem Accessoire Charakter verleihen. Mit seinem unverwechselbaren Design, das die in den siebziger Jahren verwendeten Masken aufgreift, ist der Ghost f\u00fcr DMD Motorradhelme mit heller oder dunkler [&hellip;]<\/p>\n","protected":false},"featured_media":18190,"comment_status":"closed","ping_status":"closed","template":"","meta":{"_acf_changed":false},"product_brand":[],"product_cat":[363,130,183,121],"product_tag":[],"giftcard-category":[],"class_list":{"0":"post-18321","1":"product","2":"type-product","3":"status-publish","4":"has-post-thumbnail","6":"product_cat-accessoires-integralhelme","7":"product_cat-integralhelme","8":"product_cat-accessoires","9":"product_cat-jet-helme","11":"first","12":"instock","13":"taxable","14":"shipping-taxable","15":"purchasable","16":"product-type-variable"},"acf":[],"jetpack_sharing_enabled":true,"_links":{"self":[{"href":"https:\/\/dmd.eu\/de\/wp-json\/wp\/v2\/product\/18321","targetHints":{"allow":["GET"]}}],"collection":[{"href":"https:\/\/dmd.eu\/de\/wp-json\/wp\/v2\/product"}],"about":[{"href":"https:\/\/dmd.eu\/de\/wp-json\/wp\/v2\/types\/product"}],"replies":[{"embeddable":true,"href":"https:\/\/dmd.eu\/de\/wp-json\/wp\/v2\/comments?post=18321"}],"wp:featuredmedia":[{"embeddable":true,"href":"https:\/\/dmd.eu\/de\/wp-json\/wp\/v2\/media\/18190"}],"wp:attachment":[{"href":"https:\/\/dmd.eu\/de\/wp-json\/wp\/v2\/media?parent=18321"}],"wp:term":[{"taxonomy":"product_brand","embeddable":true,"href":"https:\/\/dmd.eu\/de\/wp-json\/wp\/v2\/product_brand?post=18321"},{"taxonomy":"product_cat","embeddable":true,"href":"https:\/\/dmd.eu\/de\/wp-json\/wp\/v2\/product_cat?post=18321"},{"taxonomy":"product_tag","embeddable":true,"href":"https:\/\/dmd.eu\/de\/wp-json\/wp\/v2\/product_tag?post=18321"},{"taxonomy":"giftcard-category","embeddable":true,"href":"https:\/\/dmd.eu\/de\/wp-json\/wp\/v2\/giftcard-category?post=18321"}],"curies":[{"name":"wp","href":"https:\/\/api.w.org\/{rel}","templated":true}]}}