{"id":18043,"date":"2024-03-20T10:16:48","date_gmt":"2024-03-20T09:16:48","guid":{"rendered":"https:\/\/www.dmd.eu\/?post_type=product&#038;p=18043"},"modified":"2026-01-25T19:24:39","modified_gmt":"2026-01-25T18:24:39","slug":"panther-dark-grey-2","status":"publish","type":"product","link":"https:\/\/dmd.eu\/de\/prodotto\/sale-de\/sale-kleidung\/panther-dark-grey-2\/","title":{"rendered":"PANTHER DARK GREY"},"content":{"rendered":"<p>Das <strong>Panther<\/strong> <strong>Dark Grey<\/strong> Rundhals-<strong>Sweatshirt<\/strong> ist f\u00fcr maximalen Komfort konzipiert. Ideal f\u00fcr jede Jahreszeit, hergestellt aus 100% Baumwolle in der Farbe dunkelgrau.<br \/>\nEs verf\u00fcgt \u00fcber einen Siebdruck mit essentiellen Schriften und Grafiken.<\/p>\n","protected":false},"excerpt":{"rendered":"<p>Das Panther Dark Grey Rundhals-Sweatshirt ist f\u00fcr maximalen Komfort konzipiert. Ideal f\u00fcr jede Jahreszeit, hergestellt aus 100% Baumwolle in der Farbe dunkelgrau. Es verf\u00fcgt \u00fcber einen Siebdruck mit essentiellen Schriften und Grafiken.<\/p>\n","protected":false},"featured_media":18103,"comment_status":"closed","ping_status":"closed","template":"","meta":{"_acf_changed":false},"product_brand":[],"product_cat":[409,419],"product_tag":[],"giftcard-category":[],"class_list":{"0":"post-18043","1":"product","2":"type-product","3":"status-publish","4":"has-post-thumbnail","6":"product_cat-sale-de","7":"product_cat-sale-kleidung","9":"first","10":"instock","11":"sale","12":"taxable","13":"shipping-taxable","14":"purchasable","15":"product-type-variable"},"acf":[],"jetpack_sharing_enabled":true,"_links":{"self":[{"href":"https:\/\/dmd.eu\/de\/wp-json\/wp\/v2\/product\/18043","targetHints":{"allow":["GET"]}}],"collection":[{"href":"https:\/\/dmd.eu\/de\/wp-json\/wp\/v2\/product"}],"about":[{"href":"https:\/\/dmd.eu\/de\/wp-json\/wp\/v2\/types\/product"}],"replies":[{"embeddable":true,"href":"https:\/\/dmd.eu\/de\/wp-json\/wp\/v2\/comments?post=18043"}],"wp:featuredmedia":[{"embeddable":true,"href":"https:\/\/dmd.eu\/de\/wp-json\/wp\/v2\/media\/18103"}],"wp:attachment":[{"href":"https:\/\/dmd.eu\/de\/wp-json\/wp\/v2\/media?parent=18043"}],"wp:term":[{"taxonomy":"product_brand","embeddable":true,"href":"https:\/\/dmd.eu\/de\/wp-json\/wp\/v2\/product_brand?post=18043"},{"taxonomy":"product_cat","embeddable":true,"href":"https:\/\/dmd.eu\/de\/wp-json\/wp\/v2\/product_cat?post=18043"},{"taxonomy":"product_tag","embeddable":true,"href":"https:\/\/dmd.eu\/de\/wp-json\/wp\/v2\/product_tag?post=18043"},{"taxonomy":"giftcard-category","embeddable":true,"href":"https:\/\/dmd.eu\/de\/wp-json\/wp\/v2\/giftcard-category?post=18043"}],"curies":[{"name":"wp","href":"https:\/\/api.w.org\/{rel}","templated":true}]}}