{"id":18001,"date":"2024-03-19T14:42:22","date_gmt":"2024-03-19T13:42:22","guid":{"rendered":"https:\/\/www.dmd.eu\/?post_type=product&#038;p=18001"},"modified":"2026-03-28T13:44:20","modified_gmt":"2026-03-28T12:44:20","slug":"fury-beast-military-green-2","status":"publish","type":"product","link":"https:\/\/dmd.eu\/de\/prodotto\/sale-de\/sale-kleidung\/fury-beast-military-green-2\/","title":{"rendered":"FURY BEAST MILITARY GREEN"},"content":{"rendered":"<p>Das <strong>Fury Beast<\/strong> <strong>Military Green<\/strong> Rundhals-<strong>Sweatshirt<\/strong> ist f\u00fcr maximalen Komfort konzipiert. Ideal f\u00fcr jede Jahreszeit, hergestellt aus 100% Baumwolle in der Farbe milit\u00e4rgr\u00fcn.<br \/>\nEs verf\u00fcgt \u00fcber einen Siebdruck mit essentiellen Schriften und Grafiken.<\/p>\n","protected":false},"excerpt":{"rendered":"<p>Das Fury Beast Military Green Rundhals-Sweatshirt ist f\u00fcr maximalen Komfort konzipiert. Ideal f\u00fcr jede Jahreszeit, hergestellt aus 100% Baumwolle in der Farbe milit\u00e4rgr\u00fcn. Es verf\u00fcgt \u00fcber einen Siebdruck mit essentiellen Schriften und Grafiken.<\/p>\n","protected":false},"featured_media":18011,"comment_status":"closed","ping_status":"closed","template":"","meta":{"_acf_changed":false},"product_brand":[],"product_cat":[409,419],"product_tag":[],"giftcard-category":[],"class_list":{"0":"post-18001","1":"product","2":"type-product","3":"status-publish","4":"has-post-thumbnail","6":"product_cat-sale-de","7":"product_cat-sale-kleidung","9":"first","10":"outofstock","11":"sale","12":"taxable","13":"shipping-taxable","14":"purchasable","15":"product-type-variable"},"acf":[],"jetpack_sharing_enabled":true,"_links":{"self":[{"href":"https:\/\/dmd.eu\/de\/wp-json\/wp\/v2\/product\/18001","targetHints":{"allow":["GET"]}}],"collection":[{"href":"https:\/\/dmd.eu\/de\/wp-json\/wp\/v2\/product"}],"about":[{"href":"https:\/\/dmd.eu\/de\/wp-json\/wp\/v2\/types\/product"}],"replies":[{"embeddable":true,"href":"https:\/\/dmd.eu\/de\/wp-json\/wp\/v2\/comments?post=18001"}],"wp:featuredmedia":[{"embeddable":true,"href":"https:\/\/dmd.eu\/de\/wp-json\/wp\/v2\/media\/18011"}],"wp:attachment":[{"href":"https:\/\/dmd.eu\/de\/wp-json\/wp\/v2\/media?parent=18001"}],"wp:term":[{"taxonomy":"product_brand","embeddable":true,"href":"https:\/\/dmd.eu\/de\/wp-json\/wp\/v2\/product_brand?post=18001"},{"taxonomy":"product_cat","embeddable":true,"href":"https:\/\/dmd.eu\/de\/wp-json\/wp\/v2\/product_cat?post=18001"},{"taxonomy":"product_tag","embeddable":true,"href":"https:\/\/dmd.eu\/de\/wp-json\/wp\/v2\/product_tag?post=18001"},{"taxonomy":"giftcard-category","embeddable":true,"href":"https:\/\/dmd.eu\/de\/wp-json\/wp\/v2\/giftcard-category?post=18001"}],"curies":[{"name":"wp","href":"https:\/\/api.w.org\/{rel}","templated":true}]}}