{"id":17433,"date":"2024-03-18T12:18:17","date_gmt":"2024-03-18T11:18:17","guid":{"rendered":"https:\/\/www.dmd.eu\/?post_type=product&#038;p=17433"},"modified":"2025-12-02T00:14:10","modified_gmt":"2025-12-01T23:14:10","slug":"fleece-stay-wild","status":"publish","type":"product","link":"https:\/\/dmd.eu\/de\/prodotto\/motorradbekleidung\/tshirts-fleeces-de\/fleece-stay-wild\/","title":{"rendered":"STAY WILD"},"content":{"rendered":"<p>Das <strong>Stay Wild<\/strong> Rundhals-<strong>Sweatshirt<\/strong> ist f\u00fcr maximalen Komfort konzipiert. Ideal f\u00fcr jede Jahreszeit, hergestellt aus 100% Baumwolle in der Farbe off-white.<br \/>\nEs hat einen Siebdruck auf der R\u00fcckseite mit dem historischen Motto DMD.<\/p>\n","protected":false},"excerpt":{"rendered":"<p>Das Stay Wild Rundhals-Sweatshirt ist f\u00fcr maximalen Komfort konzipiert. Ideal f\u00fcr jede Jahreszeit, hergestellt aus 100% Baumwolle in der Farbe off-white. Es hat einen Siebdruck auf der R\u00fcckseite mit dem historischen Motto DMD.<\/p>\n","protected":false},"featured_media":17467,"comment_status":"closed","ping_status":"closed","template":"","meta":{"_acf_changed":false},"product_brand":[],"product_cat":[264,470],"product_tag":[],"giftcard-category":[],"class_list":{"0":"post-17433","1":"product","2":"type-product","3":"status-publish","4":"has-post-thumbnail","6":"product_cat-motorradbekleidung","7":"product_cat-tshirts-fleeces-de","9":"first","10":"instock","11":"taxable","12":"shipping-taxable","13":"purchasable","14":"product-type-variable"},"acf":[],"jetpack_sharing_enabled":true,"_links":{"self":[{"href":"https:\/\/dmd.eu\/de\/wp-json\/wp\/v2\/product\/17433","targetHints":{"allow":["GET"]}}],"collection":[{"href":"https:\/\/dmd.eu\/de\/wp-json\/wp\/v2\/product"}],"about":[{"href":"https:\/\/dmd.eu\/de\/wp-json\/wp\/v2\/types\/product"}],"replies":[{"embeddable":true,"href":"https:\/\/dmd.eu\/de\/wp-json\/wp\/v2\/comments?post=17433"}],"wp:featuredmedia":[{"embeddable":true,"href":"https:\/\/dmd.eu\/de\/wp-json\/wp\/v2\/media\/17467"}],"wp:attachment":[{"href":"https:\/\/dmd.eu\/de\/wp-json\/wp\/v2\/media?parent=17433"}],"wp:term":[{"taxonomy":"product_brand","embeddable":true,"href":"https:\/\/dmd.eu\/de\/wp-json\/wp\/v2\/product_brand?post=17433"},{"taxonomy":"product_cat","embeddable":true,"href":"https:\/\/dmd.eu\/de\/wp-json\/wp\/v2\/product_cat?post=17433"},{"taxonomy":"product_tag","embeddable":true,"href":"https:\/\/dmd.eu\/de\/wp-json\/wp\/v2\/product_tag?post=17433"},{"taxonomy":"giftcard-category","embeddable":true,"href":"https:\/\/dmd.eu\/de\/wp-json\/wp\/v2\/giftcard-category?post=17433"}],"curies":[{"name":"wp","href":"https:\/\/api.w.org\/{rel}","templated":true}]}}