{"id":17133,"date":"2024-03-18T12:04:01","date_gmt":"2024-03-18T11:04:01","guid":{"rendered":"https:\/\/www.dmd.eu\/?post_type=product&#038;p=17133"},"modified":"2025-12-02T00:14:12","modified_gmt":"2025-12-01T23:14:12","slug":"t-shirt-stay-punk","status":"publish","type":"product","link":"https:\/\/dmd.eu\/de\/prodotto\/motorradbekleidung\/tshirts-fleeces-de\/t-shirt-stay-punk\/","title":{"rendered":"STAY PUNK"},"content":{"rendered":"<p>Das <strong>Stay Punk T-Shirt<\/strong> mit Rundhalsausschnitt bietet maximalen Komfort. Ideal f\u00fcr jede Jahreszeit, hergestellt aus 100% Baumwolle in der Farbe schwarz.<br \/>\nEs verf\u00fcgt \u00fcber einen Siebdruck, der an die Punkkultur der 80er Jahre erinnert.<\/p>\n","protected":false},"excerpt":{"rendered":"<p>Das Stay Punk T-Shirt mit Rundhalsausschnitt bietet maximalen Komfort. Ideal f\u00fcr jede Jahreszeit, hergestellt aus 100% Baumwolle in der Farbe schwarz. Es verf\u00fcgt \u00fcber einen Siebdruck, der an die Punkkultur der 80er Jahre erinnert.<\/p>\n","protected":false},"featured_media":17142,"comment_status":"closed","ping_status":"closed","template":"","meta":{"_acf_changed":false},"product_brand":[],"product_cat":[264,470],"product_tag":[],"giftcard-category":[],"class_list":{"0":"post-17133","1":"product","2":"type-product","3":"status-publish","4":"has-post-thumbnail","6":"product_cat-motorradbekleidung","7":"product_cat-tshirts-fleeces-de","9":"first","10":"instock","11":"taxable","12":"shipping-taxable","13":"purchasable","14":"product-type-variable"},"acf":[],"jetpack_sharing_enabled":true,"_links":{"self":[{"href":"https:\/\/dmd.eu\/de\/wp-json\/wp\/v2\/product\/17133","targetHints":{"allow":["GET"]}}],"collection":[{"href":"https:\/\/dmd.eu\/de\/wp-json\/wp\/v2\/product"}],"about":[{"href":"https:\/\/dmd.eu\/de\/wp-json\/wp\/v2\/types\/product"}],"replies":[{"embeddable":true,"href":"https:\/\/dmd.eu\/de\/wp-json\/wp\/v2\/comments?post=17133"}],"wp:featuredmedia":[{"embeddable":true,"href":"https:\/\/dmd.eu\/de\/wp-json\/wp\/v2\/media\/17142"}],"wp:attachment":[{"href":"https:\/\/dmd.eu\/de\/wp-json\/wp\/v2\/media?parent=17133"}],"wp:term":[{"taxonomy":"product_brand","embeddable":true,"href":"https:\/\/dmd.eu\/de\/wp-json\/wp\/v2\/product_brand?post=17133"},{"taxonomy":"product_cat","embeddable":true,"href":"https:\/\/dmd.eu\/de\/wp-json\/wp\/v2\/product_cat?post=17133"},{"taxonomy":"product_tag","embeddable":true,"href":"https:\/\/dmd.eu\/de\/wp-json\/wp\/v2\/product_tag?post=17133"},{"taxonomy":"giftcard-category","embeddable":true,"href":"https:\/\/dmd.eu\/de\/wp-json\/wp\/v2\/giftcard-category?post=17133"}],"curies":[{"name":"wp","href":"https:\/\/api.w.org\/{rel}","templated":true}]}}