{"id":16997,"date":"2024-03-15T17:18:35","date_gmt":"2024-03-15T16:18:35","guid":{"rendered":"https:\/\/www.dmd.eu\/?post_type=product&#038;p=16997"},"modified":"2025-12-02T00:10:55","modified_gmt":"2025-12-01T23:10:55","slug":"rolle-fuer-werkzeug","status":"publish","type":"product","link":"https:\/\/dmd.eu\/de\/prodotto\/motorradbekleidung\/lederzubehoer\/rolle-fuer-werkzeug\/","title":{"rendered":"ROLLE F\u00dcR WERKZEUG"},"content":{"rendered":"<p>Unsere <strong>Werkzeugrolle<\/strong> ist der perfekte Begleiter f\u00fcr jeden Biker. Vollst\u00e4ndig in Italien hergestellt, aus echtem Leder, hat er das Logo \u201cDMD\u201d gepr\u00e4gt, um seinen einzigartigen Stil zu unterstreichen. Mit praktischen F\u00e4chern und dem einfachen Aufrollen ist es das ideale Accessoire f\u00fcr diejenigen, die zwei R\u00e4der lieben.<\/p>\n","protected":false},"excerpt":{"rendered":"<p>Unsere Werkzeugrolle ist der perfekte Begleiter f\u00fcr jeden Biker. Vollst\u00e4ndig in Italien hergestellt, aus echtem Leder, hat er das Logo \u201cDMD\u201d gepr\u00e4gt, um seinen einzigartigen Stil zu unterstreichen. Mit praktischen F\u00e4chern und dem einfachen Aufrollen ist es das ideale Accessoire f\u00fcr diejenigen, die zwei R\u00e4der lieben.<\/p>\n","protected":false},"featured_media":17008,"comment_status":"closed","ping_status":"closed","template":"","meta":{"_acf_changed":false},"product_brand":[],"product_cat":[475,264],"product_tag":[],"giftcard-category":[],"class_list":{"0":"post-16997","1":"product","2":"type-product","3":"status-publish","4":"has-post-thumbnail","6":"product_cat-lederzubehoer","7":"product_cat-motorradbekleidung","9":"first","10":"instock","11":"taxable","12":"shipping-taxable","13":"purchasable","14":"product-type-simple"},"acf":[],"jetpack_sharing_enabled":true,"_links":{"self":[{"href":"https:\/\/dmd.eu\/de\/wp-json\/wp\/v2\/product\/16997","targetHints":{"allow":["GET"]}}],"collection":[{"href":"https:\/\/dmd.eu\/de\/wp-json\/wp\/v2\/product"}],"about":[{"href":"https:\/\/dmd.eu\/de\/wp-json\/wp\/v2\/types\/product"}],"replies":[{"embeddable":true,"href":"https:\/\/dmd.eu\/de\/wp-json\/wp\/v2\/comments?post=16997"}],"wp:featuredmedia":[{"embeddable":true,"href":"https:\/\/dmd.eu\/de\/wp-json\/wp\/v2\/media\/17008"}],"wp:attachment":[{"href":"https:\/\/dmd.eu\/de\/wp-json\/wp\/v2\/media?parent=16997"}],"wp:term":[{"taxonomy":"product_brand","embeddable":true,"href":"https:\/\/dmd.eu\/de\/wp-json\/wp\/v2\/product_brand?post=16997"},{"taxonomy":"product_cat","embeddable":true,"href":"https:\/\/dmd.eu\/de\/wp-json\/wp\/v2\/product_cat?post=16997"},{"taxonomy":"product_tag","embeddable":true,"href":"https:\/\/dmd.eu\/de\/wp-json\/wp\/v2\/product_tag?post=16997"},{"taxonomy":"giftcard-category","embeddable":true,"href":"https:\/\/dmd.eu\/de\/wp-json\/wp\/v2\/giftcard-category?post=16997"}],"curies":[{"name":"wp","href":"https:\/\/api.w.org\/{rel}","templated":true}]}}