{"id":16969,"date":"2024-03-15T17:07:41","date_gmt":"2024-03-15T16:07:41","guid":{"rendered":"https:\/\/www.dmd.eu\/?post_type=product&#038;p=16969"},"modified":"2025-12-02T00:10:56","modified_gmt":"2025-12-01T23:10:56","slug":"dokumentenhalter","status":"publish","type":"product","link":"https:\/\/dmd.eu\/de\/prodotto\/motorradbekleidung\/lederzubehoer\/dokumentenhalter\/","title":{"rendered":"DOKUMENTENHALTER"},"content":{"rendered":"<p><strong>Dokumentenhalter<\/strong> vollst\u00e4ndig in Italien hergestellt und 100% aus echtem Leder. Das aufgedruckte \u201cDMD\u201d Logo unterstreicht die Authentizit\u00e4t unseres Designs und macht dieses Produkt zu einem unverzichtbaren Begleiter f\u00fcr diejenigen, die Funktionalit\u00e4t und Authentizit\u00e4t auf jeder Reise suchen.<\/p>\n","protected":false},"excerpt":{"rendered":"<p>Dokumentenhalter vollst\u00e4ndig in Italien hergestellt und 100% aus echtem Leder. Das aufgedruckte \u201cDMD\u201d Logo unterstreicht die Authentizit\u00e4t unseres Designs und macht dieses Produkt zu einem unverzichtbaren Begleiter f\u00fcr diejenigen, die Funktionalit\u00e4t und Authentizit\u00e4t auf jeder Reise suchen.<\/p>\n","protected":false},"featured_media":16984,"comment_status":"closed","ping_status":"closed","template":"","meta":{"_acf_changed":false},"product_brand":[],"product_cat":[475,264],"product_tag":[],"giftcard-category":[],"class_list":{"0":"post-16969","1":"product","2":"type-product","3":"status-publish","4":"has-post-thumbnail","6":"product_cat-lederzubehoer","7":"product_cat-motorradbekleidung","9":"first","10":"instock","11":"taxable","12":"shipping-taxable","13":"purchasable","14":"product-type-simple"},"acf":[],"jetpack_sharing_enabled":true,"_links":{"self":[{"href":"https:\/\/dmd.eu\/de\/wp-json\/wp\/v2\/product\/16969","targetHints":{"allow":["GET"]}}],"collection":[{"href":"https:\/\/dmd.eu\/de\/wp-json\/wp\/v2\/product"}],"about":[{"href":"https:\/\/dmd.eu\/de\/wp-json\/wp\/v2\/types\/product"}],"replies":[{"embeddable":true,"href":"https:\/\/dmd.eu\/de\/wp-json\/wp\/v2\/comments?post=16969"}],"wp:featuredmedia":[{"embeddable":true,"href":"https:\/\/dmd.eu\/de\/wp-json\/wp\/v2\/media\/16984"}],"wp:attachment":[{"href":"https:\/\/dmd.eu\/de\/wp-json\/wp\/v2\/media?parent=16969"}],"wp:term":[{"taxonomy":"product_brand","embeddable":true,"href":"https:\/\/dmd.eu\/de\/wp-json\/wp\/v2\/product_brand?post=16969"},{"taxonomy":"product_cat","embeddable":true,"href":"https:\/\/dmd.eu\/de\/wp-json\/wp\/v2\/product_cat?post=16969"},{"taxonomy":"product_tag","embeddable":true,"href":"https:\/\/dmd.eu\/de\/wp-json\/wp\/v2\/product_tag?post=16969"},{"taxonomy":"giftcard-category","embeddable":true,"href":"https:\/\/dmd.eu\/de\/wp-json\/wp\/v2\/giftcard-category?post=16969"}],"curies":[{"name":"wp","href":"https:\/\/api.w.org\/{rel}","templated":true}]}}