{"id":16924,"date":"2024-03-15T16:41:44","date_gmt":"2024-03-15T15:41:44","guid":{"rendered":"https:\/\/www.dmd.eu\/?post_type=product&#038;p=16924"},"modified":"2025-12-02T00:10:57","modified_gmt":"2025-12-01T23:10:57","slug":"brieftasche-mit-kettenring","status":"publish","type":"product","link":"https:\/\/dmd.eu\/de\/prodotto\/motorradbekleidung\/lederzubehoer\/brieftasche-mit-kettenring\/","title":{"rendered":"BRIEFTASCHE MIT KETTENRING"},"content":{"rendered":"<p>Vollst\u00e4ndig in Italien hergestellte <strong>Brieftasche<\/strong> aus echtem Leder. Die Farbe Dunkelbraun verleiht einen zeitlosen Hauch von Klasse, w\u00e4hrend das gepr\u00e4gte \u201cDMD\u201d Logo die Authentizit\u00e4t unseres Designs unterstreicht.<br \/>\nDer vordere Verschluss mit doppelten Kn\u00f6pfen wird durch einen Kettenring erg\u00e4nzt, ideal f\u00fcr diejenigen, die einen unverwechselbaren Stil f\u00fcr echte Biker lieben.<\/p>\n","protected":false},"excerpt":{"rendered":"<p>Vollst\u00e4ndig in Italien hergestellte Brieftasche aus echtem Leder. Die Farbe Dunkelbraun verleiht einen zeitlosen Hauch von Klasse, w\u00e4hrend das gepr\u00e4gte \u201cDMD\u201d Logo die Authentizit\u00e4t unseres Designs unterstreicht. Der vordere Verschluss mit doppelten Kn\u00f6pfen wird durch einen Kettenring erg\u00e4nzt, ideal f\u00fcr diejenigen, die einen unverwechselbaren Stil f\u00fcr echte Biker lieben.<\/p>\n","protected":false},"featured_media":16934,"comment_status":"closed","ping_status":"closed","template":"","meta":{"_acf_changed":false},"product_brand":[],"product_cat":[475,264],"product_tag":[],"giftcard-category":[],"class_list":{"0":"post-16924","1":"product","2":"type-product","3":"status-publish","4":"has-post-thumbnail","6":"product_cat-lederzubehoer","7":"product_cat-motorradbekleidung","9":"first","10":"instock","11":"taxable","12":"shipping-taxable","13":"purchasable","14":"product-type-simple"},"acf":[],"jetpack_sharing_enabled":true,"_links":{"self":[{"href":"https:\/\/dmd.eu\/de\/wp-json\/wp\/v2\/product\/16924","targetHints":{"allow":["GET"]}}],"collection":[{"href":"https:\/\/dmd.eu\/de\/wp-json\/wp\/v2\/product"}],"about":[{"href":"https:\/\/dmd.eu\/de\/wp-json\/wp\/v2\/types\/product"}],"replies":[{"embeddable":true,"href":"https:\/\/dmd.eu\/de\/wp-json\/wp\/v2\/comments?post=16924"}],"wp:featuredmedia":[{"embeddable":true,"href":"https:\/\/dmd.eu\/de\/wp-json\/wp\/v2\/media\/16934"}],"wp:attachment":[{"href":"https:\/\/dmd.eu\/de\/wp-json\/wp\/v2\/media?parent=16924"}],"wp:term":[{"taxonomy":"product_brand","embeddable":true,"href":"https:\/\/dmd.eu\/de\/wp-json\/wp\/v2\/product_brand?post=16924"},{"taxonomy":"product_cat","embeddable":true,"href":"https:\/\/dmd.eu\/de\/wp-json\/wp\/v2\/product_cat?post=16924"},{"taxonomy":"product_tag","embeddable":true,"href":"https:\/\/dmd.eu\/de\/wp-json\/wp\/v2\/product_tag?post=16924"},{"taxonomy":"giftcard-category","embeddable":true,"href":"https:\/\/dmd.eu\/de\/wp-json\/wp\/v2\/giftcard-category?post=16924"}],"curies":[{"name":"wp","href":"https:\/\/api.w.org\/{rel}","templated":true}]}}