{"id":16841,"date":"2024-03-15T15:12:41","date_gmt":"2024-03-15T14:12:41","guid":{"rendered":"https:\/\/www.dmd.eu\/?post_type=product&#038;p=16841"},"modified":"2026-03-30T16:47:08","modified_gmt":"2026-03-30T14:47:08","slug":"rueckenprotektor","status":"publish","type":"product","link":"https:\/\/dmd.eu\/de\/prodotto\/motorradbekleidung\/jacken\/rueckenprotektor\/","title":{"rendered":"R\u00dcCKENPROTEKTOR"},"content":{"rendered":"<p>R\u00fcckenprotektor zum Einstecken in die spezielle Tasche,\u00a0um den R\u00fcckenschutz zu gew\u00e4hrleisten<br \/>\nHergestellt aus ViscoFlex-Material (neue weiche und leistungsstarke Formulierung).<br \/>\nPassend f\u00fcr alle DMD-Jacken.<\/p>\n","protected":false},"excerpt":{"rendered":"<p>R\u00fcckenprotektor zum Einstecken in die spezielle Tasche,\u00a0um den R\u00fcckenschutz zu gew\u00e4hrleisten Hergestellt aus ViscoFlex-Material (neue weiche und leistungsstarke Formulierung). Passend f\u00fcr alle DMD-Jacken.<\/p>\n","protected":false},"featured_media":16850,"comment_status":"closed","ping_status":"closed","template":"","meta":{"_acf_changed":false},"product_brand":[],"product_cat":[264,368],"product_tag":[],"giftcard-category":[],"class_list":{"0":"post-16841","1":"product","2":"type-product","3":"status-publish","4":"has-post-thumbnail","6":"product_cat-motorradbekleidung","7":"product_cat-jacken","9":"first","10":"instock","11":"taxable","12":"shipping-taxable","13":"purchasable","14":"product-type-simple"},"acf":[],"jetpack_sharing_enabled":true,"_links":{"self":[{"href":"https:\/\/dmd.eu\/de\/wp-json\/wp\/v2\/product\/16841","targetHints":{"allow":["GET"]}}],"collection":[{"href":"https:\/\/dmd.eu\/de\/wp-json\/wp\/v2\/product"}],"about":[{"href":"https:\/\/dmd.eu\/de\/wp-json\/wp\/v2\/types\/product"}],"replies":[{"embeddable":true,"href":"https:\/\/dmd.eu\/de\/wp-json\/wp\/v2\/comments?post=16841"}],"wp:featuredmedia":[{"embeddable":true,"href":"https:\/\/dmd.eu\/de\/wp-json\/wp\/v2\/media\/16850"}],"wp:attachment":[{"href":"https:\/\/dmd.eu\/de\/wp-json\/wp\/v2\/media?parent=16841"}],"wp:term":[{"taxonomy":"product_brand","embeddable":true,"href":"https:\/\/dmd.eu\/de\/wp-json\/wp\/v2\/product_brand?post=16841"},{"taxonomy":"product_cat","embeddable":true,"href":"https:\/\/dmd.eu\/de\/wp-json\/wp\/v2\/product_cat?post=16841"},{"taxonomy":"product_tag","embeddable":true,"href":"https:\/\/dmd.eu\/de\/wp-json\/wp\/v2\/product_tag?post=16841"},{"taxonomy":"giftcard-category","embeddable":true,"href":"https:\/\/dmd.eu\/de\/wp-json\/wp\/v2\/giftcard-category?post=16841"}],"curies":[{"name":"wp","href":"https:\/\/api.w.org\/{rel}","templated":true}]}}