{"id":16761,"date":"2024-03-14T17:50:18","date_gmt":"2024-03-14T16:50:18","guid":{"rendered":"https:\/\/www.dmd.eu\/?post_type=product&#038;p=16761"},"modified":"2025-12-02T00:14:13","modified_gmt":"2025-12-01T23:14:13","slug":"weste-black-leather","status":"publish","type":"product","link":"https:\/\/dmd.eu\/de\/prodotto\/sale-de\/sale-kleidung\/weste-black-leather\/","title":{"rendered":"WESTE BLACK LEATHER"},"content":{"rendered":"<p>Die <strong>Weste <\/strong>ist ein Kleidungsst\u00fcck im authentischen Vintage-Look, das f\u00fcr jeden Motorradliebhaber unverzichtbar ist.<br \/>\nDieses kurze Modell ist vollgepackt mit Details wie Quertaschen f\u00fcr einen einfachen Zugang f\u00fcr diejenigen, die immer auf dem Motorrad sind.<\/p>\n","protected":false},"excerpt":{"rendered":"<p>Die Weste ist ein Kleidungsst\u00fcck im authentischen Vintage-Look, das f\u00fcr jeden Motorradliebhaber unverzichtbar ist. Dieses kurze Modell ist vollgepackt mit Details wie Quertaschen f\u00fcr einen einfachen Zugang f\u00fcr diejenigen, die immer auf dem Motorrad sind.<\/p>\n","protected":false},"featured_media":16771,"comment_status":"closed","ping_status":"closed","template":"","meta":{"_acf_changed":false},"product_brand":[],"product_cat":[409,419],"product_tag":[],"giftcard-category":[],"class_list":{"0":"post-16761","1":"product","2":"type-product","3":"status-publish","4":"has-post-thumbnail","6":"product_cat-sale-de","7":"product_cat-sale-kleidung","9":"first","10":"instock","11":"sale","12":"taxable","13":"shipping-taxable","14":"purchasable","15":"product-type-variable"},"acf":[],"jetpack_sharing_enabled":true,"_links":{"self":[{"href":"https:\/\/dmd.eu\/de\/wp-json\/wp\/v2\/product\/16761","targetHints":{"allow":["GET"]}}],"collection":[{"href":"https:\/\/dmd.eu\/de\/wp-json\/wp\/v2\/product"}],"about":[{"href":"https:\/\/dmd.eu\/de\/wp-json\/wp\/v2\/types\/product"}],"replies":[{"embeddable":true,"href":"https:\/\/dmd.eu\/de\/wp-json\/wp\/v2\/comments?post=16761"}],"wp:featuredmedia":[{"embeddable":true,"href":"https:\/\/dmd.eu\/de\/wp-json\/wp\/v2\/media\/16771"}],"wp:attachment":[{"href":"https:\/\/dmd.eu\/de\/wp-json\/wp\/v2\/media?parent=16761"}],"wp:term":[{"taxonomy":"product_brand","embeddable":true,"href":"https:\/\/dmd.eu\/de\/wp-json\/wp\/v2\/product_brand?post=16761"},{"taxonomy":"product_cat","embeddable":true,"href":"https:\/\/dmd.eu\/de\/wp-json\/wp\/v2\/product_cat?post=16761"},{"taxonomy":"product_tag","embeddable":true,"href":"https:\/\/dmd.eu\/de\/wp-json\/wp\/v2\/product_tag?post=16761"},{"taxonomy":"giftcard-category","embeddable":true,"href":"https:\/\/dmd.eu\/de\/wp-json\/wp\/v2\/giftcard-category?post=16761"}],"curies":[{"name":"wp","href":"https:\/\/api.w.org\/{rel}","templated":true}]}}