{"id":16422,"date":"2024-03-14T16:39:50","date_gmt":"2024-03-14T15:39:50","guid":{"rendered":"https:\/\/www.dmd.eu\/?post_type=product&#038;p=16422"},"modified":"2025-12-02T00:14:14","modified_gmt":"2025-12-01T23:14:14","slug":"chiodo-wachsbaumwolle-nicht-genehmigt","status":"publish","type":"product","link":"https:\/\/dmd.eu\/de\/prodotto\/sale-de\/sale-kleidung\/chiodo-wachsbaumwolle-nicht-genehmigt\/","title":{"rendered":"CHIODO WACHSBAUMWOLLE (NICHT GENEHMIGT)"},"content":{"rendered":"<p>Eine Jacke, die im Laufe der Jahrzehnte ihren Platz in den meisten Stilen gefunden hat.<\/p>\n<p>Es wurde 1913 in einem kleinen Gesch\u00e4ft in der Lower East Side NY, auf Wunsch eines Motorradfahrers geboren, der eine Jacke mit Rei\u00dfverschl\u00fcssen wollte, die vor K\u00e4lte und Regen gesch\u00fctzt. Heute ist sie zu einem legend\u00e4ren Kleidungsst\u00fcck geworden und wird von allen Bikern getragen, die klassische schwarze Motorradlederjacke<\/p>\n","protected":false},"excerpt":{"rendered":"<p>Eine Jacke, die im Laufe der Jahrzehnte ihren Platz in den meisten Stilen gefunden hat. Es wurde 1913 in einem kleinen Gesch\u00e4ft in der Lower East Side NY, auf Wunsch eines Motorradfahrers geboren, der eine Jacke mit Rei\u00dfverschl\u00fcssen wollte, die vor K\u00e4lte und Regen gesch\u00fctzt. Heute ist sie zu einem legend\u00e4ren Kleidungsst\u00fcck geworden und wird [&hellip;]<\/p>\n","protected":false},"featured_media":16442,"comment_status":"closed","ping_status":"closed","template":"","meta":{"_acf_changed":false},"product_brand":[],"product_cat":[409,419],"product_tag":[],"giftcard-category":[],"class_list":{"0":"post-16422","1":"product","2":"type-product","3":"status-publish","4":"has-post-thumbnail","6":"product_cat-sale-de","7":"product_cat-sale-kleidung","9":"first","10":"instock","11":"sale","12":"taxable","13":"shipping-taxable","14":"purchasable","15":"product-type-variable"},"acf":[],"jetpack_sharing_enabled":true,"_links":{"self":[{"href":"https:\/\/dmd.eu\/de\/wp-json\/wp\/v2\/product\/16422","targetHints":{"allow":["GET"]}}],"collection":[{"href":"https:\/\/dmd.eu\/de\/wp-json\/wp\/v2\/product"}],"about":[{"href":"https:\/\/dmd.eu\/de\/wp-json\/wp\/v2\/types\/product"}],"replies":[{"embeddable":true,"href":"https:\/\/dmd.eu\/de\/wp-json\/wp\/v2\/comments?post=16422"}],"wp:featuredmedia":[{"embeddable":true,"href":"https:\/\/dmd.eu\/de\/wp-json\/wp\/v2\/media\/16442"}],"wp:attachment":[{"href":"https:\/\/dmd.eu\/de\/wp-json\/wp\/v2\/media?parent=16422"}],"wp:term":[{"taxonomy":"product_brand","embeddable":true,"href":"https:\/\/dmd.eu\/de\/wp-json\/wp\/v2\/product_brand?post=16422"},{"taxonomy":"product_cat","embeddable":true,"href":"https:\/\/dmd.eu\/de\/wp-json\/wp\/v2\/product_cat?post=16422"},{"taxonomy":"product_tag","embeddable":true,"href":"https:\/\/dmd.eu\/de\/wp-json\/wp\/v2\/product_tag?post=16422"},{"taxonomy":"giftcard-category","embeddable":true,"href":"https:\/\/dmd.eu\/de\/wp-json\/wp\/v2\/giftcard-category?post=16422"}],"curies":[{"name":"wp","href":"https:\/\/api.w.org\/{rel}","templated":true}]}}