{"id":16244,"date":"2024-03-14T14:59:11","date_gmt":"2024-03-14T13:59:11","guid":{"rendered":"https:\/\/www.dmd.eu\/?post_type=product&#038;p=16244"},"modified":"2025-11-25T17:35:17","modified_gmt":"2025-11-25T16:35:17","slug":"the-lovers-3","status":"publish","type":"product","link":"https:\/\/dmd.eu\/de\/prodotto\/motorradbekleidung\/halsrohr\/the-lovers-3\/","title":{"rendered":"THE LOVERS"},"content":{"rendered":"<p>Der <strong>The Lovers Motorrad-halsw\u00e4rmer<\/strong>, der vollst\u00e4ndig in Italien hergestellt wird, ist ein unverzichtbares Produkt f\u00fcr Motorradfahrten zu jeder Jahreszeit. Aus Baumwolle gefertigt, ist es \u00e4u\u00dferst bequem zum Ein- und Ausziehen und ist ein n\u00fctzliches Accessoire zum Schutz vor K\u00e4lte, Wind und Insekten.<br \/>\nMit reversiblen Farben und auff\u00e4lligen Grafiken ist der DMD Halsw\u00e4rmer das passende Accessoire f\u00fcr jeden Motorradfahrer, der ein komfortables, warmes und atmungsaktives Produkt sucht. Exklusive DMD-Grafik.<\/p>\n","protected":false},"excerpt":{"rendered":"<p>Der The Lovers Motorrad-halsw\u00e4rmer, der vollst\u00e4ndig in Italien hergestellt wird, ist ein unverzichtbares Produkt f\u00fcr Motorradfahrten zu jeder Jahreszeit. Aus Baumwolle gefertigt, ist es \u00e4u\u00dferst bequem zum Ein- und Ausziehen und ist ein n\u00fctzliches Accessoire zum Schutz vor K\u00e4lte, Wind und Insekten. Mit reversiblen Farben und auff\u00e4lligen Grafiken ist der DMD Halsw\u00e4rmer das passende Accessoire [&hellip;]<\/p>\n","protected":false},"featured_media":8609,"comment_status":"closed","ping_status":"closed","template":"","meta":{"_acf_changed":false},"product_brand":[],"product_cat":[318,264],"product_tag":[],"giftcard-category":[],"class_list":{"0":"post-16244","1":"product","2":"type-product","3":"status-publish","4":"has-post-thumbnail","6":"product_cat-halsrohr","7":"product_cat-motorradbekleidung","9":"first","10":"outofstock","11":"taxable","12":"shipping-taxable","13":"purchasable","14":"product-type-simple"},"acf":[],"jetpack_sharing_enabled":true,"_links":{"self":[{"href":"https:\/\/dmd.eu\/de\/wp-json\/wp\/v2\/product\/16244","targetHints":{"allow":["GET"]}}],"collection":[{"href":"https:\/\/dmd.eu\/de\/wp-json\/wp\/v2\/product"}],"about":[{"href":"https:\/\/dmd.eu\/de\/wp-json\/wp\/v2\/types\/product"}],"replies":[{"embeddable":true,"href":"https:\/\/dmd.eu\/de\/wp-json\/wp\/v2\/comments?post=16244"}],"wp:featuredmedia":[{"embeddable":true,"href":"https:\/\/dmd.eu\/de\/wp-json\/wp\/v2\/media\/8609"}],"wp:attachment":[{"href":"https:\/\/dmd.eu\/de\/wp-json\/wp\/v2\/media?parent=16244"}],"wp:term":[{"taxonomy":"product_brand","embeddable":true,"href":"https:\/\/dmd.eu\/de\/wp-json\/wp\/v2\/product_brand?post=16244"},{"taxonomy":"product_cat","embeddable":true,"href":"https:\/\/dmd.eu\/de\/wp-json\/wp\/v2\/product_cat?post=16244"},{"taxonomy":"product_tag","embeddable":true,"href":"https:\/\/dmd.eu\/de\/wp-json\/wp\/v2\/product_tag?post=16244"},{"taxonomy":"giftcard-category","embeddable":true,"href":"https:\/\/dmd.eu\/de\/wp-json\/wp\/v2\/giftcard-category?post=16244"}],"curies":[{"name":"wp","href":"https:\/\/api.w.org\/{rel}","templated":true}]}}