{"id":16137,"date":"2024-03-14T11:50:23","date_gmt":"2024-03-14T10:50:23","guid":{"rendered":"https:\/\/www.dmd.eu\/?post_type=product&#038;p=16137"},"modified":"2025-12-02T00:14:15","modified_gmt":"2025-12-01T23:14:15","slug":"bunny-blue-nicht-genehmigt","status":"publish","type":"product","link":"https:\/\/dmd.eu\/de\/prodotto\/sale-de\/sale-kleidung\/bunny-blue-nicht-genehmigt\/","title":{"rendered":"BUNNY BLUE (NICHT GENEHMIGT)"},"content":{"rendered":"<p>Die <strong>Bunny Motorradjacke<\/strong>\u00a0ist ideal f\u00fcr alle, die einen Racer-Caf\u00e9-Look suchen, aber nicht \u00fcbertreiben.<br \/>\nHergestellt aus unserer exklusiven wasserabweisenden Wachsbaumwolle, ist es eine Jacke f\u00fcr diejenigen, die eine saubere Linie wollen und ist ideal f\u00fcr urbane Ausfl\u00fcge.<br \/>\nDie mittlere Naht verleiht au\u00dferdem ein auff\u00e4lliges Detail, ohne die klassische Silhouette zu beeintr\u00e4chtigen.<\/p>\n","protected":false},"excerpt":{"rendered":"<p>Die Bunny Motorradjacke\u00a0ist ideal f\u00fcr alle, die einen Racer-Caf\u00e9-Look suchen, aber nicht \u00fcbertreiben. Hergestellt aus unserer exklusiven wasserabweisenden Wachsbaumwolle, ist es eine Jacke f\u00fcr diejenigen, die eine saubere Linie wollen und ist ideal f\u00fcr urbane Ausfl\u00fcge. Die mittlere Naht verleiht au\u00dferdem ein auff\u00e4lliges Detail, ohne die klassische Silhouette zu beeintr\u00e4chtigen.<\/p>\n","protected":false},"featured_media":16151,"comment_status":"closed","ping_status":"closed","template":"","meta":{"_acf_changed":false},"product_brand":[],"product_cat":[409,419],"product_tag":[],"giftcard-category":[],"class_list":{"0":"post-16137","1":"product","2":"type-product","3":"status-publish","4":"has-post-thumbnail","6":"product_cat-sale-de","7":"product_cat-sale-kleidung","9":"first","10":"instock","11":"sale","12":"taxable","13":"shipping-taxable","14":"purchasable","15":"product-type-variable"},"acf":[],"jetpack_sharing_enabled":true,"_links":{"self":[{"href":"https:\/\/dmd.eu\/de\/wp-json\/wp\/v2\/product\/16137","targetHints":{"allow":["GET"]}}],"collection":[{"href":"https:\/\/dmd.eu\/de\/wp-json\/wp\/v2\/product"}],"about":[{"href":"https:\/\/dmd.eu\/de\/wp-json\/wp\/v2\/types\/product"}],"replies":[{"embeddable":true,"href":"https:\/\/dmd.eu\/de\/wp-json\/wp\/v2\/comments?post=16137"}],"wp:featuredmedia":[{"embeddable":true,"href":"https:\/\/dmd.eu\/de\/wp-json\/wp\/v2\/media\/16151"}],"wp:attachment":[{"href":"https:\/\/dmd.eu\/de\/wp-json\/wp\/v2\/media?parent=16137"}],"wp:term":[{"taxonomy":"product_brand","embeddable":true,"href":"https:\/\/dmd.eu\/de\/wp-json\/wp\/v2\/product_brand?post=16137"},{"taxonomy":"product_cat","embeddable":true,"href":"https:\/\/dmd.eu\/de\/wp-json\/wp\/v2\/product_cat?post=16137"},{"taxonomy":"product_tag","embeddable":true,"href":"https:\/\/dmd.eu\/de\/wp-json\/wp\/v2\/product_tag?post=16137"},{"taxonomy":"giftcard-category","embeddable":true,"href":"https:\/\/dmd.eu\/de\/wp-json\/wp\/v2\/giftcard-category?post=16137"}],"curies":[{"name":"wp","href":"https:\/\/api.w.org\/{rel}","templated":true}]}}