{"id":14262,"date":"2024-02-02T10:51:15","date_gmt":"2024-02-02T09:51:15","guid":{"rendered":"https:\/\/www.dmd.eu\/prodotto\/unkategorisiert\/bee\/"},"modified":"2025-12-02T00:14:20","modified_gmt":"2025-12-01T23:14:20","slug":"bee","status":"publish","type":"product","link":"https:\/\/dmd.eu\/de\/prodotto\/schneehelme\/bee\/","title":{"rendered":"BEE"},"content":{"rendered":"<p>Diese skihelme Kollektion ist f\u00fcr alle Wintersportfreunde und Bergfans gedacht: f\u00fcr begeisterte Skifahrer, f\u00fcr Snowboardliebhaber \u2013 egal ob sie in einem Snowboardpark oder als Freerider im freien Gel\u00e4nde fahren \u2013 und nicht zuletzt f\u00fcr alle, die ganz einfach Spa\u00df im Schnee haben.<\/p>\n","protected":false},"excerpt":{"rendered":"<p>Diese skihelme Kollektion ist f\u00fcr alle Wintersportfreunde und Bergfans gedacht: f\u00fcr begeisterte Skifahrer, f\u00fcr Snowboardliebhaber \u2013 egal ob sie in einem Snowboardpark oder als Freerider im freien Gel\u00e4nde fahren \u2013 und nicht zuletzt f\u00fcr alle, die ganz einfach Spa\u00df im Schnee haben.<\/p>\n","protected":false},"featured_media":14094,"comment_status":"closed","ping_status":"closed","template":"","meta":{"_acf_changed":false},"product_brand":[],"product_cat":[427],"product_tag":[],"giftcard-category":[],"class_list":{"0":"post-14262","1":"product","2":"type-product","3":"status-publish","4":"has-post-thumbnail","6":"product_cat-schneehelme","8":"first","9":"outofstock","10":"sale","11":"taxable","12":"shipping-taxable","13":"purchasable","14":"product-type-variable"},"acf":[],"jetpack_sharing_enabled":true,"_links":{"self":[{"href":"https:\/\/dmd.eu\/de\/wp-json\/wp\/v2\/product\/14262","targetHints":{"allow":["GET"]}}],"collection":[{"href":"https:\/\/dmd.eu\/de\/wp-json\/wp\/v2\/product"}],"about":[{"href":"https:\/\/dmd.eu\/de\/wp-json\/wp\/v2\/types\/product"}],"replies":[{"embeddable":true,"href":"https:\/\/dmd.eu\/de\/wp-json\/wp\/v2\/comments?post=14262"}],"wp:featuredmedia":[{"embeddable":true,"href":"https:\/\/dmd.eu\/de\/wp-json\/wp\/v2\/media\/14094"}],"wp:attachment":[{"href":"https:\/\/dmd.eu\/de\/wp-json\/wp\/v2\/media?parent=14262"}],"wp:term":[{"taxonomy":"product_brand","embeddable":true,"href":"https:\/\/dmd.eu\/de\/wp-json\/wp\/v2\/product_brand?post=14262"},{"taxonomy":"product_cat","embeddable":true,"href":"https:\/\/dmd.eu\/de\/wp-json\/wp\/v2\/product_cat?post=14262"},{"taxonomy":"product_tag","embeddable":true,"href":"https:\/\/dmd.eu\/de\/wp-json\/wp\/v2\/product_tag?post=14262"},{"taxonomy":"giftcard-category","embeddable":true,"href":"https:\/\/dmd.eu\/de\/wp-json\/wp\/v2\/giftcard-category?post=14262"}],"curies":[{"name":"wp","href":"https:\/\/api.w.org\/{rel}","templated":true}]}}