{"id":13558,"date":"2023-09-03T07:53:25","date_gmt":"2023-09-03T05:53:25","guid":{"rendered":"https:\/\/www.dmd.eu\/product\/unkategorisiert\/gilet-green-cotton-waxed\/"},"modified":"2025-12-02T00:14:21","modified_gmt":"2025-12-01T23:14:21","slug":"weste-green","status":"publish","type":"product","link":"https:\/\/dmd.eu\/de\/prodotto\/motorradbekleidung\/weste\/weste-green\/","title":{"rendered":"WESTE GREEN"},"content":{"rendered":"<p>Die Wachsbaumwolle <strong>Weste<\/strong>\u00a0ist ein Kleidungsst\u00fcck mit einem authentischen Vintage-Look, das f\u00fcr jeden Motorradliebhaber unverzichtbar ist.<br \/>\nDieses kurze Modell ist reich an Details wie Quertaschen f\u00fcr einfachen Zugang f\u00fcr diejenigen, die immer unterwegs sind. Hergestellt in der Farbe gr\u00fcn.<\/p>\n<p>\ud83c\uddee\ud83c\uddf9 Hergestellt in Italien, mit Leidenschaft.<\/p>\n","protected":false},"excerpt":{"rendered":"<p>Die Wachsbaumwolle Weste\u00a0ist ein Kleidungsst\u00fcck mit einem authentischen Vintage-Look, das f\u00fcr jeden Motorradliebhaber unverzichtbar ist. Dieses kurze Modell ist reich an Details wie Quertaschen f\u00fcr einfachen Zugang f\u00fcr diejenigen, die immer unterwegs sind. Hergestellt in der Farbe gr\u00fcn. \ud83c\uddee\ud83c\uddf9 Hergestellt in Italien, mit Leidenschaft.<\/p>\n","protected":false},"featured_media":9581,"comment_status":"closed","ping_status":"closed","template":"","meta":{"_acf_changed":false},"product_brand":[],"product_cat":[264,4744],"product_tag":[],"giftcard-category":[],"class_list":{"0":"post-13558","1":"product","2":"type-product","3":"status-publish","4":"has-post-thumbnail","6":"product_cat-motorradbekleidung","7":"product_cat-weste","9":"first","10":"instock","11":"featured","12":"taxable","13":"shipping-taxable","14":"purchasable","15":"product-type-variable"},"acf":[],"jetpack_sharing_enabled":true,"_links":{"self":[{"href":"https:\/\/dmd.eu\/de\/wp-json\/wp\/v2\/product\/13558","targetHints":{"allow":["GET"]}}],"collection":[{"href":"https:\/\/dmd.eu\/de\/wp-json\/wp\/v2\/product"}],"about":[{"href":"https:\/\/dmd.eu\/de\/wp-json\/wp\/v2\/types\/product"}],"replies":[{"embeddable":true,"href":"https:\/\/dmd.eu\/de\/wp-json\/wp\/v2\/comments?post=13558"}],"wp:featuredmedia":[{"embeddable":true,"href":"https:\/\/dmd.eu\/de\/wp-json\/wp\/v2\/media\/9581"}],"wp:attachment":[{"href":"https:\/\/dmd.eu\/de\/wp-json\/wp\/v2\/media?parent=13558"}],"wp:term":[{"taxonomy":"product_brand","embeddable":true,"href":"https:\/\/dmd.eu\/de\/wp-json\/wp\/v2\/product_brand?post=13558"},{"taxonomy":"product_cat","embeddable":true,"href":"https:\/\/dmd.eu\/de\/wp-json\/wp\/v2\/product_cat?post=13558"},{"taxonomy":"product_tag","embeddable":true,"href":"https:\/\/dmd.eu\/de\/wp-json\/wp\/v2\/product_tag?post=13558"},{"taxonomy":"giftcard-category","embeddable":true,"href":"https:\/\/dmd.eu\/de\/wp-json\/wp\/v2\/giftcard-category?post=13558"}],"curies":[{"name":"wp","href":"https:\/\/api.w.org\/{rel}","templated":true}]}}