{"id":13367,"date":"2023-08-25T19:34:46","date_gmt":"2023-08-25T17:34:46","guid":{"rendered":"https:\/\/www.dmd.eu\/product\/unkategorisiert\/inner-lining-vintage\/"},"modified":"2026-01-03T22:58:12","modified_gmt":"2026-01-03T21:58:12","slug":"inner-lining-vintage","status":"publish","type":"product","link":"https:\/\/dmd.eu\/de\/prodotto\/jet-helme\/accessoires\/inner-lining-vintage\/","title":{"rendered":"INNER LINING VINTAGE"},"content":{"rendered":"<p>Das <strong>Inner Lining Vintage<\/strong> <strong>Zubeh\u00f6r<\/strong> ist eine Innenverkleidung f\u00fcr die DMD Jet Vintage Motorradhelm Linie, die vollst\u00e4ndig abnehmbar und waschbar ist. Die Kopfpolsterung und die Wangenpolster sind abnehmbar, damit sie optimal passen. Mit dem Vintage-Inner-Liner k\u00f6nnen Sie die Gr\u00f6\u00dfe Ihres Jet Vintage-Helms \u00e4ndern, aber nur, wenn die Gr\u00f6\u00dfe der Schale gleich ist. Sie ist von den Gr\u00f6\u00dfen XS bis XL erh\u00e4ltlich.<\/p>\n","protected":false},"excerpt":{"rendered":"<p>Das Inner Lining Vintage Zubeh\u00f6r ist eine Innenverkleidung f\u00fcr die DMD Jet Vintage Motorradhelm Linie, die vollst\u00e4ndig abnehmbar und waschbar ist. Die Kopfpolsterung und die Wangenpolster sind abnehmbar, damit sie optimal passen. Mit dem Vintage-Inner-Liner k\u00f6nnen Sie die Gr\u00f6\u00dfe Ihres Jet Vintage-Helms \u00e4ndern, aber nur, wenn die Gr\u00f6\u00dfe der Schale gleich ist. Sie ist von [&hellip;]<\/p>\n","protected":false},"featured_media":7327,"comment_status":"closed","ping_status":"closed","template":"","meta":{"_acf_changed":false},"product_brand":[],"product_cat":[183,121],"product_tag":[],"giftcard-category":[],"class_list":{"0":"post-13367","1":"product","2":"type-product","3":"status-publish","4":"has-post-thumbnail","6":"product_cat-accessoires","7":"product_cat-jet-helme","9":"first","10":"instock","11":"taxable","12":"shipping-taxable","13":"purchasable","14":"product-type-variable"},"acf":[],"jetpack_sharing_enabled":true,"_links":{"self":[{"href":"https:\/\/dmd.eu\/de\/wp-json\/wp\/v2\/product\/13367","targetHints":{"allow":["GET"]}}],"collection":[{"href":"https:\/\/dmd.eu\/de\/wp-json\/wp\/v2\/product"}],"about":[{"href":"https:\/\/dmd.eu\/de\/wp-json\/wp\/v2\/types\/product"}],"replies":[{"embeddable":true,"href":"https:\/\/dmd.eu\/de\/wp-json\/wp\/v2\/comments?post=13367"}],"wp:featuredmedia":[{"embeddable":true,"href":"https:\/\/dmd.eu\/de\/wp-json\/wp\/v2\/media\/7327"}],"wp:attachment":[{"href":"https:\/\/dmd.eu\/de\/wp-json\/wp\/v2\/media?parent=13367"}],"wp:term":[{"taxonomy":"product_brand","embeddable":true,"href":"https:\/\/dmd.eu\/de\/wp-json\/wp\/v2\/product_brand?post=13367"},{"taxonomy":"product_cat","embeddable":true,"href":"https:\/\/dmd.eu\/de\/wp-json\/wp\/v2\/product_cat?post=13367"},{"taxonomy":"product_tag","embeddable":true,"href":"https:\/\/dmd.eu\/de\/wp-json\/wp\/v2\/product_tag?post=13367"},{"taxonomy":"giftcard-category","embeddable":true,"href":"https:\/\/dmd.eu\/de\/wp-json\/wp\/v2\/giftcard-category?post=13367"}],"curies":[{"name":"wp","href":"https:\/\/api.w.org\/{rel}","templated":true}]}}