{"id":13363,"date":"2023-08-25T19:34:48","date_gmt":"2023-08-25T17:34:48","guid":{"rendered":"https:\/\/www.dmd.eu\/product\/unkategorisiert\/p1-cover-visor\/"},"modified":"2026-03-29T00:05:43","modified_gmt":"2026-03-28T23:05:43","slug":"p1-cover-visor","status":"publish","type":"product","link":"https:\/\/dmd.eu\/de\/prodotto\/jet-helme\/accessoires\/p1-cover-visor\/","title":{"rendered":"P1 COVER VISOR"},"content":{"rendered":"<p>Das <strong>P1 Cover Visor<\/strong> <strong>Zubeh\u00f6r<\/strong> ist f\u00fcr die Demi-Jet P1 Helmkollektion erh\u00e4ltlich. Es handelt sich um ein abnehmbares, transparentes Visier der neuesten Generation, das das gesamte Gesicht abdeckt. Der P1 Cover Visor ist leicht zu entkernt und ist sowohl in der hellen als auch in der dunklen Variante erh\u00e4ltlich.<\/p>\n","protected":false},"excerpt":{"rendered":"<p>Das P1 Cover Visor Zubeh\u00f6r ist f\u00fcr die Demi-Jet P1 Helmkollektion erh\u00e4ltlich. Es handelt sich um ein abnehmbares, transparentes Visier der neuesten Generation, das das gesamte Gesicht abdeckt. Der P1 Cover Visor ist leicht zu entkernt und ist sowohl in der hellen als auch in der dunklen Variante erh\u00e4ltlich.<\/p>\n","protected":false},"featured_media":50271,"comment_status":"closed","ping_status":"closed","template":"","meta":{"_acf_changed":false},"product_brand":[],"product_cat":[183,121],"product_tag":[],"giftcard-category":[],"class_list":{"0":"post-13363","1":"product","2":"type-product","3":"status-publish","4":"has-post-thumbnail","6":"product_cat-accessoires","7":"product_cat-jet-helme","9":"first","10":"instock","11":"taxable","12":"shipping-taxable","13":"purchasable","14":"product-type-variable"},"acf":[],"jetpack_sharing_enabled":true,"_links":{"self":[{"href":"https:\/\/dmd.eu\/de\/wp-json\/wp\/v2\/product\/13363","targetHints":{"allow":["GET"]}}],"collection":[{"href":"https:\/\/dmd.eu\/de\/wp-json\/wp\/v2\/product"}],"about":[{"href":"https:\/\/dmd.eu\/de\/wp-json\/wp\/v2\/types\/product"}],"replies":[{"embeddable":true,"href":"https:\/\/dmd.eu\/de\/wp-json\/wp\/v2\/comments?post=13363"}],"wp:featuredmedia":[{"embeddable":true,"href":"https:\/\/dmd.eu\/de\/wp-json\/wp\/v2\/media\/50271"}],"wp:attachment":[{"href":"https:\/\/dmd.eu\/de\/wp-json\/wp\/v2\/media?parent=13363"}],"wp:term":[{"taxonomy":"product_brand","embeddable":true,"href":"https:\/\/dmd.eu\/de\/wp-json\/wp\/v2\/product_brand?post=13363"},{"taxonomy":"product_cat","embeddable":true,"href":"https:\/\/dmd.eu\/de\/wp-json\/wp\/v2\/product_cat?post=13363"},{"taxonomy":"product_tag","embeddable":true,"href":"https:\/\/dmd.eu\/de\/wp-json\/wp\/v2\/product_tag?post=13363"},{"taxonomy":"giftcard-category","embeddable":true,"href":"https:\/\/dmd.eu\/de\/wp-json\/wp\/v2\/giftcard-category?post=13363"}],"curies":[{"name":"wp","href":"https:\/\/api.w.org\/{rel}","templated":true}]}}