{"id":13353,"date":"2023-08-25T19:34:47","date_gmt":"2023-08-25T17:34:47","guid":{"rendered":"https:\/\/www.dmd.eu\/product\/unkategorisiert\/goggle-retainer\/"},"modified":"2025-12-02T00:12:27","modified_gmt":"2025-12-01T23:12:27","slug":"goggle-retainer","status":"publish","type":"product","link":"https:\/\/dmd.eu\/de\/prodotto\/integralhelme\/accessoires-integralhelme\/goggle-retainer\/","title":{"rendered":"GOGGLE RETAINER"},"content":{"rendered":"<p>Das <strong>Goggle Retainer<\/strong> <strong>Zubeh\u00f6r<\/strong> ist mit allen DMD-Motorradhelmen einsetzbar. Es ist in der Lage, dass Goggle und Ghost Zubeh\u00f6r auf dem Helm zu halten und zu halten, wenn es zum Schutz von Gesicht und Augen getragen wird. Der aus Leder gefertigte Goggle Retainer wird \u00fcber einen sehr widerstandsf\u00e4higen Kleber an der R\u00fcckseite des Helms befestigt.<\/p>\n","protected":false},"excerpt":{"rendered":"<p>Das Goggle Retainer Zubeh\u00f6r ist mit allen DMD-Motorradhelmen einsetzbar. Es ist in der Lage, dass Goggle und Ghost Zubeh\u00f6r auf dem Helm zu halten und zu halten, wenn es zum Schutz von Gesicht und Augen getragen wird. Der aus Leder gefertigte Goggle Retainer wird \u00fcber einen sehr widerstandsf\u00e4higen Kleber an der R\u00fcckseite des Helms befestigt.<\/p>\n","protected":false},"featured_media":18887,"comment_status":"closed","ping_status":"closed","template":"","meta":{"_acf_changed":false},"product_brand":[],"product_cat":[363,130,183,121],"product_tag":[],"giftcard-category":[],"class_list":{"0":"post-13353","1":"product","2":"type-product","3":"status-publish","4":"has-post-thumbnail","6":"product_cat-accessoires-integralhelme","7":"product_cat-integralhelme","8":"product_cat-accessoires","9":"product_cat-jet-helme","11":"first","12":"instock","13":"taxable","14":"shipping-taxable","15":"purchasable","16":"product-type-simple"},"acf":[],"jetpack_sharing_enabled":true,"_links":{"self":[{"href":"https:\/\/dmd.eu\/de\/wp-json\/wp\/v2\/product\/13353","targetHints":{"allow":["GET"]}}],"collection":[{"href":"https:\/\/dmd.eu\/de\/wp-json\/wp\/v2\/product"}],"about":[{"href":"https:\/\/dmd.eu\/de\/wp-json\/wp\/v2\/types\/product"}],"replies":[{"embeddable":true,"href":"https:\/\/dmd.eu\/de\/wp-json\/wp\/v2\/comments?post=13353"}],"wp:featuredmedia":[{"embeddable":true,"href":"https:\/\/dmd.eu\/de\/wp-json\/wp\/v2\/media\/18887"}],"wp:attachment":[{"href":"https:\/\/dmd.eu\/de\/wp-json\/wp\/v2\/media?parent=13353"}],"wp:term":[{"taxonomy":"product_brand","embeddable":true,"href":"https:\/\/dmd.eu\/de\/wp-json\/wp\/v2\/product_brand?post=13353"},{"taxonomy":"product_cat","embeddable":true,"href":"https:\/\/dmd.eu\/de\/wp-json\/wp\/v2\/product_cat?post=13353"},{"taxonomy":"product_tag","embeddable":true,"href":"https:\/\/dmd.eu\/de\/wp-json\/wp\/v2\/product_tag?post=13353"},{"taxonomy":"giftcard-category","embeddable":true,"href":"https:\/\/dmd.eu\/de\/wp-json\/wp\/v2\/giftcard-category?post=13353"}],"curies":[{"name":"wp","href":"https:\/\/api.w.org\/{rel}","templated":true}]}}