{"id":13345,"date":"2023-08-25T19:34:48","date_gmt":"2023-08-25T17:34:48","guid":{"rendered":"https:\/\/www.dmd.eu\/product\/unkategorisiert\/ghost-white\/"},"modified":"2026-04-04T18:07:29","modified_gmt":"2026-04-04T16:07:29","slug":"ghost-white","status":"publish","type":"product","link":"https:\/\/dmd.eu\/de\/prodotto\/integralhelme\/accessoires-integralhelme\/ghost-white\/","title":{"rendered":"GHOST WHITE"},"content":{"rendered":"<p>Das <strong>Ghost White-Zubeh\u00f6r<\/strong> ist f\u00fcr die DMD Retro, Vintage, Racer und Seventyfive-Motorradhelme konzipiert. Es handelt sich um eine Maske in wei\u00dfer Farbe mit Personalisierungen entlang des Gummibandes, die diesem Accessoire Charakter verleihen. Mit seinem unverwechselbaren Design, das die in den siebziger Jahren verwendeten Masken aufgreift, ist das Ghost White f\u00fcr DMD-Motorradhelme mit einer heller oder dunkler Linse erh\u00e4ltlich. Sie k\u00f6nnen eine helle, dunkle, gespiegelte oder gelbe Ersatzlinse separat erwerben.<\/p>\n","protected":false},"excerpt":{"rendered":"<p>Das Ghost White-Zubeh\u00f6r ist f\u00fcr die DMD Retro, Vintage, Racer und Seventyfive-Motorradhelme konzipiert. Es handelt sich um eine Maske in wei\u00dfer Farbe mit Personalisierungen entlang des Gummibandes, die diesem Accessoire Charakter verleihen. Mit seinem unverwechselbaren Design, das die in den siebziger Jahren verwendeten Masken aufgreift, ist das Ghost White f\u00fcr DMD-Motorradhelme mit einer heller oder [&hellip;]<\/p>\n","protected":false},"featured_media":54329,"comment_status":"closed","ping_status":"closed","template":"","meta":{"_acf_changed":false},"product_brand":[],"product_cat":[363,130,183,121],"product_tag":[],"giftcard-category":[],"class_list":{"0":"post-13345","1":"product","2":"type-product","3":"status-publish","4":"has-post-thumbnail","6":"product_cat-accessoires-integralhelme","7":"product_cat-integralhelme","8":"product_cat-accessoires","9":"product_cat-jet-helme","11":"first","12":"instock","13":"taxable","14":"shipping-taxable","15":"purchasable","16":"product-type-variable"},"acf":[],"jetpack_sharing_enabled":true,"_links":{"self":[{"href":"https:\/\/dmd.eu\/de\/wp-json\/wp\/v2\/product\/13345","targetHints":{"allow":["GET"]}}],"collection":[{"href":"https:\/\/dmd.eu\/de\/wp-json\/wp\/v2\/product"}],"about":[{"href":"https:\/\/dmd.eu\/de\/wp-json\/wp\/v2\/types\/product"}],"replies":[{"embeddable":true,"href":"https:\/\/dmd.eu\/de\/wp-json\/wp\/v2\/comments?post=13345"}],"wp:featuredmedia":[{"embeddable":true,"href":"https:\/\/dmd.eu\/de\/wp-json\/wp\/v2\/media\/54329"}],"wp:attachment":[{"href":"https:\/\/dmd.eu\/de\/wp-json\/wp\/v2\/media?parent=13345"}],"wp:term":[{"taxonomy":"product_brand","embeddable":true,"href":"https:\/\/dmd.eu\/de\/wp-json\/wp\/v2\/product_brand?post=13345"},{"taxonomy":"product_cat","embeddable":true,"href":"https:\/\/dmd.eu\/de\/wp-json\/wp\/v2\/product_cat?post=13345"},{"taxonomy":"product_tag","embeddable":true,"href":"https:\/\/dmd.eu\/de\/wp-json\/wp\/v2\/product_tag?post=13345"},{"taxonomy":"giftcard-category","embeddable":true,"href":"https:\/\/dmd.eu\/de\/wp-json\/wp\/v2\/giftcard-category?post=13345"}],"curies":[{"name":"wp","href":"https:\/\/api.w.org\/{rel}","templated":true}]}}