{"id":13330,"date":"2023-08-25T19:34:46","date_gmt":"2023-08-25T17:34:46","guid":{"rendered":"https:\/\/www.dmd.eu\/product\/unkategorisiert\/goggle\/"},"modified":"2026-04-22T19:08:22","modified_gmt":"2026-04-22T17:08:22","slug":"goggle","status":"publish","type":"product","link":"https:\/\/dmd.eu\/de\/prodotto\/jet-helme\/accessoires\/goggle\/","title":{"rendered":"GOGGLE"},"content":{"rendered":"<p>Das <strong>Goggle-Zubeh\u00f6r<\/strong> ist f\u00fcr Jet DMD-Motorradhelme konzipiert und kann \u00fcber das entsprechende Gummiband befestigt werden. Dieses feste Visier verleiht Ihrem Helm einen zus\u00e4tzlichen Retro-Touch und bietet Ihnen den Schutz, den Sie auf Ihrem Motorrad ben\u00f6tigen. Die Goggle f\u00fcr Jet-Helme ist mit einer heller, dunkler oder gespiegelter Linse erh\u00e4ltlich.<\/p>\n","protected":false},"excerpt":{"rendered":"<p>Das Goggle-Zubeh\u00f6r ist f\u00fcr Jet DMD-Motorradhelme konzipiert und kann \u00fcber das entsprechende Gummiband befestigt werden. Dieses feste Visier verleiht Ihrem Helm einen zus\u00e4tzlichen Retro-Touch und bietet Ihnen den Schutz, den Sie auf Ihrem Motorrad ben\u00f6tigen. Die Goggle f\u00fcr Jet-Helme ist mit einer heller, dunkler oder gespiegelter Linse erh\u00e4ltlich.<\/p>\n","protected":false},"featured_media":56533,"comment_status":"closed","ping_status":"closed","template":"","meta":{"_acf_changed":false},"product_brand":[],"product_cat":[183,121],"product_tag":[],"giftcard-category":[],"class_list":{"0":"post-13330","1":"product","2":"type-product","3":"status-publish","4":"has-post-thumbnail","6":"product_cat-accessoires","7":"product_cat-jet-helme","9":"first","10":"instock","11":"taxable","12":"shipping-taxable","13":"purchasable","14":"product-type-variable"},"acf":[],"jetpack_sharing_enabled":true,"_links":{"self":[{"href":"https:\/\/dmd.eu\/de\/wp-json\/wp\/v2\/product\/13330","targetHints":{"allow":["GET"]}}],"collection":[{"href":"https:\/\/dmd.eu\/de\/wp-json\/wp\/v2\/product"}],"about":[{"href":"https:\/\/dmd.eu\/de\/wp-json\/wp\/v2\/types\/product"}],"replies":[{"embeddable":true,"href":"https:\/\/dmd.eu\/de\/wp-json\/wp\/v2\/comments?post=13330"}],"wp:featuredmedia":[{"embeddable":true,"href":"https:\/\/dmd.eu\/de\/wp-json\/wp\/v2\/media\/56533"}],"wp:attachment":[{"href":"https:\/\/dmd.eu\/de\/wp-json\/wp\/v2\/media?parent=13330"}],"wp:term":[{"taxonomy":"product_brand","embeddable":true,"href":"https:\/\/dmd.eu\/de\/wp-json\/wp\/v2\/product_brand?post=13330"},{"taxonomy":"product_cat","embeddable":true,"href":"https:\/\/dmd.eu\/de\/wp-json\/wp\/v2\/product_cat?post=13330"},{"taxonomy":"product_tag","embeddable":true,"href":"https:\/\/dmd.eu\/de\/wp-json\/wp\/v2\/product_tag?post=13330"},{"taxonomy":"giftcard-category","embeddable":true,"href":"https:\/\/dmd.eu\/de\/wp-json\/wp\/v2\/giftcard-category?post=13330"}],"curies":[{"name":"wp","href":"https:\/\/api.w.org\/{rel}","templated":true}]}}