{"id":13308,"date":"2023-08-25T19:34:46","date_gmt":"2023-08-25T17:34:46","guid":{"rendered":"https:\/\/www.dmd.eu\/product\/unkategorisiert\/big-visor\/"},"modified":"2026-04-26T22:05:17","modified_gmt":"2026-04-26T20:05:17","slug":"big-visor","status":"publish","type":"product","link":"https:\/\/dmd.eu\/de\/prodotto\/jet-helme\/accessoires\/big-visor\/","title":{"rendered":"BIG VISOR"},"content":{"rendered":"<p>Das <strong>Big Visor-Zubeh\u00f6r<\/strong> ist f\u00fcr Jet DMD-Motorradhelme gedacht, und es ist anwendbar durch das Vorhandensein von Kn\u00f6pfen auf der Helmkappe selbst. Dieses Visier ist sehr sch\u00fctzend; es ist ein festes Visier, da es nach dem Einbau nicht angehoben oder abgesenkt werden kann. Der Big Viso<strong>r<\/strong> f\u00fcr Jet Helme ist mit heller oder dunkler Linse erh\u00e4ltlich.<\/p>\n","protected":false},"excerpt":{"rendered":"<p>Das Big Visor-Zubeh\u00f6r ist f\u00fcr Jet DMD-Motorradhelme gedacht, und es ist anwendbar durch das Vorhandensein von Kn\u00f6pfen auf der Helmkappe selbst. Dieses Visier ist sehr sch\u00fctzend; es ist ein festes Visier, da es nach dem Einbau nicht angehoben oder abgesenkt werden kann. Der Big Visor f\u00fcr Jet Helme ist mit heller oder dunkler Linse erh\u00e4ltlich.<\/p>\n","protected":false},"featured_media":56523,"comment_status":"closed","ping_status":"closed","template":"","meta":{"_acf_changed":false},"product_brand":[],"product_cat":[183,121],"product_tag":[],"giftcard-category":[],"class_list":{"0":"post-13308","1":"product","2":"type-product","3":"status-publish","4":"has-post-thumbnail","6":"product_cat-accessoires","7":"product_cat-jet-helme","9":"first","10":"instock","11":"taxable","12":"shipping-taxable","13":"purchasable","14":"product-type-variable"},"acf":[],"jetpack_sharing_enabled":true,"_links":{"self":[{"href":"https:\/\/dmd.eu\/de\/wp-json\/wp\/v2\/product\/13308","targetHints":{"allow":["GET"]}}],"collection":[{"href":"https:\/\/dmd.eu\/de\/wp-json\/wp\/v2\/product"}],"about":[{"href":"https:\/\/dmd.eu\/de\/wp-json\/wp\/v2\/types\/product"}],"replies":[{"embeddable":true,"href":"https:\/\/dmd.eu\/de\/wp-json\/wp\/v2\/comments?post=13308"}],"wp:featuredmedia":[{"embeddable":true,"href":"https:\/\/dmd.eu\/de\/wp-json\/wp\/v2\/media\/56523"}],"wp:attachment":[{"href":"https:\/\/dmd.eu\/de\/wp-json\/wp\/v2\/media?parent=13308"}],"wp:term":[{"taxonomy":"product_brand","embeddable":true,"href":"https:\/\/dmd.eu\/de\/wp-json\/wp\/v2\/product_brand?post=13308"},{"taxonomy":"product_cat","embeddable":true,"href":"https:\/\/dmd.eu\/de\/wp-json\/wp\/v2\/product_cat?post=13308"},{"taxonomy":"product_tag","embeddable":true,"href":"https:\/\/dmd.eu\/de\/wp-json\/wp\/v2\/product_tag?post=13308"},{"taxonomy":"giftcard-category","embeddable":true,"href":"https:\/\/dmd.eu\/de\/wp-json\/wp\/v2\/giftcard-category?post=13308"}],"curies":[{"name":"wp","href":"https:\/\/api.w.org\/{rel}","templated":true}]}}