{"id":13289,"date":"2023-08-25T19:34:46","date_gmt":"2023-08-25T17:34:46","guid":{"rendered":"https:\/\/www.dmd.eu\/product\/unkategorisiert\/standard-peak\/"},"modified":"2026-03-29T19:37:34","modified_gmt":"2026-03-29T17:37:34","slug":"standard-peak","status":"publish","type":"product","link":"https:\/\/dmd.eu\/de\/prodotto\/jet-helme\/accessoires\/standard-peak\/","title":{"rendered":"STANDARD PEAK"},"content":{"rendered":"<p>Das <strong>Standard Peak-Zubeh\u00f6r<\/strong> ist f\u00fcr Jet-DMD-Motorradhelme gedacht und kann durch Kn\u00f6pfe auf der Helmkappe selbst verwendet werden. Diese Frontplatte verleiht Ihrem Jet-Motorradhelm und Ihrem Rider-Look eine zus\u00e4tzliche Note. Der Standard Peak f\u00fcr Jet Motorradhelme ist nur in der Farbe Schwarz erh\u00e4ltlich.<\/p>\n","protected":false},"excerpt":{"rendered":"<p>Das Standard Peak-Zubeh\u00f6r ist f\u00fcr Jet-DMD-Motorradhelme gedacht und kann durch Kn\u00f6pfe auf der Helmkappe selbst verwendet werden. Diese Frontplatte verleiht Ihrem Jet-Motorradhelm und Ihrem Rider-Look eine zus\u00e4tzliche Note. Der Standard Peak f\u00fcr Jet Motorradhelme ist nur in der Farbe Schwarz erh\u00e4ltlich.<\/p>\n","protected":false},"featured_media":7382,"comment_status":"closed","ping_status":"closed","template":"","meta":{"_acf_changed":false},"product_brand":[],"product_cat":[183,121],"product_tag":[],"giftcard-category":[],"class_list":{"0":"post-13289","1":"product","2":"type-product","3":"status-publish","4":"has-post-thumbnail","6":"product_cat-accessoires","7":"product_cat-jet-helme","9":"first","10":"instock","11":"taxable","12":"shipping-taxable","13":"purchasable","14":"product-type-simple"},"acf":[],"jetpack_sharing_enabled":true,"_links":{"self":[{"href":"https:\/\/dmd.eu\/de\/wp-json\/wp\/v2\/product\/13289","targetHints":{"allow":["GET"]}}],"collection":[{"href":"https:\/\/dmd.eu\/de\/wp-json\/wp\/v2\/product"}],"about":[{"href":"https:\/\/dmd.eu\/de\/wp-json\/wp\/v2\/types\/product"}],"replies":[{"embeddable":true,"href":"https:\/\/dmd.eu\/de\/wp-json\/wp\/v2\/comments?post=13289"}],"wp:featuredmedia":[{"embeddable":true,"href":"https:\/\/dmd.eu\/de\/wp-json\/wp\/v2\/media\/7382"}],"wp:attachment":[{"href":"https:\/\/dmd.eu\/de\/wp-json\/wp\/v2\/media?parent=13289"}],"wp:term":[{"taxonomy":"product_brand","embeddable":true,"href":"https:\/\/dmd.eu\/de\/wp-json\/wp\/v2\/product_brand?post=13289"},{"taxonomy":"product_cat","embeddable":true,"href":"https:\/\/dmd.eu\/de\/wp-json\/wp\/v2\/product_cat?post=13289"},{"taxonomy":"product_tag","embeddable":true,"href":"https:\/\/dmd.eu\/de\/wp-json\/wp\/v2\/product_tag?post=13289"},{"taxonomy":"giftcard-category","embeddable":true,"href":"https:\/\/dmd.eu\/de\/wp-json\/wp\/v2\/giftcard-category?post=13289"}],"curies":[{"name":"wp","href":"https:\/\/api.w.org\/{rel}","templated":true}]}}