{"id":13207,"date":"2023-09-02T14:57:32","date_gmt":"2023-09-02T12:57:32","guid":{"rendered":"https:\/\/www.dmd.eu\/product\/unkategorisiert\/inner-lining-racer\/"},"modified":"2025-12-02T00:14:27","modified_gmt":"2025-12-01T23:14:27","slug":"inner-lining-racer","status":"publish","type":"product","link":"https:\/\/dmd.eu\/de\/prodotto\/integralhelme\/accessoires-integralhelme\/inner-lining-racer\/","title":{"rendered":"INNER LINING RACER"},"content":{"rendered":"<p>Das <strong>Inner Lining Racer Zubeh\u00f6r<\/strong> ist eine vollst\u00e4ndig abnehmbare und waschbare Innenverkleidung f\u00fcr die DMD Racer Motorradhelmlinie. Die Kopfpolsterung und die Wagenpolster sind abnehmbar, damit sie optimal passen. Mit dem Inner Lining Racer k\u00f6nnen Sie die Gr\u00f6\u00dfe Ihres Racer-Helms \u00e4ndern, aber nur, wenn die Gr\u00f6\u00dfe der Schale gleich ist. Sie ist von Gr\u00f6\u00dfe XS bis XXL erh\u00e4ltlich.<\/p>\n","protected":false},"excerpt":{"rendered":"<p>Das Inner Lining Racer Zubeh\u00f6r ist eine vollst\u00e4ndig abnehmbare und waschbare Innenverkleidung f\u00fcr die DMD Racer Motorradhelmlinie. Die Kopfpolsterung und die Wagenpolster sind abnehmbar, damit sie optimal passen. Mit dem Inner Lining Racer k\u00f6nnen Sie die Gr\u00f6\u00dfe Ihres Racer-Helms \u00e4ndern, aber nur, wenn die Gr\u00f6\u00dfe der Schale gleich ist. Sie ist von Gr\u00f6\u00dfe XS bis [&hellip;]<\/p>\n","protected":false},"featured_media":8932,"comment_status":"closed","ping_status":"closed","template":"","meta":{"_acf_changed":false},"product_brand":[],"product_cat":[363,130],"product_tag":[],"giftcard-category":[],"class_list":{"0":"post-13207","1":"product","2":"type-product","3":"status-publish","4":"has-post-thumbnail","6":"product_cat-accessoires-integralhelme","7":"product_cat-integralhelme","9":"first","10":"instock","11":"taxable","12":"shipping-taxable","13":"purchasable","14":"product-type-variable"},"acf":[],"jetpack_sharing_enabled":true,"_links":{"self":[{"href":"https:\/\/dmd.eu\/de\/wp-json\/wp\/v2\/product\/13207","targetHints":{"allow":["GET"]}}],"collection":[{"href":"https:\/\/dmd.eu\/de\/wp-json\/wp\/v2\/product"}],"about":[{"href":"https:\/\/dmd.eu\/de\/wp-json\/wp\/v2\/types\/product"}],"replies":[{"embeddable":true,"href":"https:\/\/dmd.eu\/de\/wp-json\/wp\/v2\/comments?post=13207"}],"wp:featuredmedia":[{"embeddable":true,"href":"https:\/\/dmd.eu\/de\/wp-json\/wp\/v2\/media\/8932"}],"wp:attachment":[{"href":"https:\/\/dmd.eu\/de\/wp-json\/wp\/v2\/media?parent=13207"}],"wp:term":[{"taxonomy":"product_brand","embeddable":true,"href":"https:\/\/dmd.eu\/de\/wp-json\/wp\/v2\/product_brand?post=13207"},{"taxonomy":"product_cat","embeddable":true,"href":"https:\/\/dmd.eu\/de\/wp-json\/wp\/v2\/product_cat?post=13207"},{"taxonomy":"product_tag","embeddable":true,"href":"https:\/\/dmd.eu\/de\/wp-json\/wp\/v2\/product_tag?post=13207"},{"taxonomy":"giftcard-category","embeddable":true,"href":"https:\/\/dmd.eu\/de\/wp-json\/wp\/v2\/giftcard-category?post=13207"}],"curies":[{"name":"wp","href":"https:\/\/api.w.org\/{rel}","templated":true}]}}