{"id":13183,"date":"2023-09-02T14:57:31","date_gmt":"2023-09-02T12:57:31","guid":{"rendered":"https:\/\/www.dmd.eu\/product\/unkategorisiert\/racer-cover-visor\/"},"modified":"2026-01-25T16:33:25","modified_gmt":"2026-01-25T15:33:25","slug":"racer-cover-visor","status":"publish","type":"product","link":"https:\/\/dmd.eu\/de\/prodotto\/integralhelme\/accessoires-integralhelme\/racer-cover-visor\/","title":{"rendered":"RACER COVER VISOR"},"content":{"rendered":"<p>Das <strong>Racer Cover Visor Zubeh\u00f6r<\/strong> ist f\u00fcr die DMD Integral Motorradhelme gedacht, genauer gesagt f\u00fcr die Racer-Linie. Es handelt sich um ein Visier zum Schutz von Gesicht und Augen beim Fahren, das mit den entsprechenden Kn\u00f6pfen auf der Helmkappe angebracht werden kann. Der Racer Cover Visor f\u00fcr Integral Motorradhelme ist in zwei Linsentypen erh\u00e4ltlich: hell oder dunkel.<\/p>\n","protected":false},"excerpt":{"rendered":"<p>Das Racer Cover Visor Zubeh\u00f6r ist f\u00fcr die DMD Integral Motorradhelme gedacht, genauer gesagt f\u00fcr die Racer-Linie. Es handelt sich um ein Visier zum Schutz von Gesicht und Augen beim Fahren, das mit den entsprechenden Kn\u00f6pfen auf der Helmkappe angebracht werden kann. Der Racer Cover Visor f\u00fcr Integral Motorradhelme ist in zwei Linsentypen erh\u00e4ltlich: hell [&hellip;]<\/p>\n","protected":false},"featured_media":8952,"comment_status":"closed","ping_status":"closed","template":"","meta":{"_acf_changed":false},"product_brand":[],"product_cat":[363,130],"product_tag":[],"giftcard-category":[],"class_list":{"0":"post-13183","1":"product","2":"type-product","3":"status-publish","4":"has-post-thumbnail","6":"product_cat-accessoires-integralhelme","7":"product_cat-integralhelme","9":"first","10":"instock","11":"taxable","12":"shipping-taxable","13":"purchasable","14":"product-type-variable"},"acf":[],"jetpack_sharing_enabled":true,"_links":{"self":[{"href":"https:\/\/dmd.eu\/de\/wp-json\/wp\/v2\/product\/13183","targetHints":{"allow":["GET"]}}],"collection":[{"href":"https:\/\/dmd.eu\/de\/wp-json\/wp\/v2\/product"}],"about":[{"href":"https:\/\/dmd.eu\/de\/wp-json\/wp\/v2\/types\/product"}],"replies":[{"embeddable":true,"href":"https:\/\/dmd.eu\/de\/wp-json\/wp\/v2\/comments?post=13183"}],"wp:featuredmedia":[{"embeddable":true,"href":"https:\/\/dmd.eu\/de\/wp-json\/wp\/v2\/media\/8952"}],"wp:attachment":[{"href":"https:\/\/dmd.eu\/de\/wp-json\/wp\/v2\/media?parent=13183"}],"wp:term":[{"taxonomy":"product_brand","embeddable":true,"href":"https:\/\/dmd.eu\/de\/wp-json\/wp\/v2\/product_brand?post=13183"},{"taxonomy":"product_cat","embeddable":true,"href":"https:\/\/dmd.eu\/de\/wp-json\/wp\/v2\/product_cat?post=13183"},{"taxonomy":"product_tag","embeddable":true,"href":"https:\/\/dmd.eu\/de\/wp-json\/wp\/v2\/product_tag?post=13183"},{"taxonomy":"giftcard-category","embeddable":true,"href":"https:\/\/dmd.eu\/de\/wp-json\/wp\/v2\/giftcard-category?post=13183"}],"curies":[{"name":"wp","href":"https:\/\/api.w.org\/{rel}","templated":true}]}}