{"id":13179,"date":"2023-09-02T14:57:33","date_gmt":"2023-09-02T12:57:33","guid":{"rendered":"https:\/\/www.dmd.eu\/product\/unkategorisiert\/racer-goggle\/"},"modified":"2026-01-25T16:33:25","modified_gmt":"2026-01-25T15:33:25","slug":"racer-goggle","status":"publish","type":"product","link":"https:\/\/dmd.eu\/de\/prodotto\/integralhelme\/accessoires-integralhelme\/racer-goggle\/","title":{"rendered":"RACER GOGGLE"},"content":{"rendered":"<p>Das <strong>Racer Goggle-Zubeh\u00f6r<\/strong> ist f\u00fcr DMD-Integralhelme gedacht, genauer gesagt f\u00fcr die Racer-Linie. Es handelt sich um ein Visier zum Schutz von Gesicht und Augen beim Fahren, das mit einem speziellen Gummiband befestigt werden kann. Die Racer Goggle f\u00fcr Integralhelme ist in zwei Linsentypen erh\u00e4ltlich: hell oder dunkel.<\/p>\n","protected":false},"excerpt":{"rendered":"<p>Das Racer Goggle-Zubeh\u00f6r ist f\u00fcr DMD-Integralhelme gedacht, genauer gesagt f\u00fcr die Racer-Linie. Es handelt sich um ein Visier zum Schutz von Gesicht und Augen beim Fahren, das mit einem speziellen Gummiband befestigt werden kann. Die Racer Goggle f\u00fcr Integralhelme ist in zwei Linsentypen erh\u00e4ltlich: hell oder dunkel.<\/p>\n","protected":false},"featured_media":8967,"comment_status":"closed","ping_status":"closed","template":"","meta":{"_acf_changed":false},"product_brand":[],"product_cat":[363,130],"product_tag":[],"giftcard-category":[],"class_list":{"0":"post-13179","1":"product","2":"type-product","3":"status-publish","4":"has-post-thumbnail","6":"product_cat-accessoires-integralhelme","7":"product_cat-integralhelme","9":"first","10":"instock","11":"taxable","12":"shipping-taxable","13":"purchasable","14":"product-type-variable"},"acf":[],"jetpack_sharing_enabled":true,"_links":{"self":[{"href":"https:\/\/dmd.eu\/de\/wp-json\/wp\/v2\/product\/13179","targetHints":{"allow":["GET"]}}],"collection":[{"href":"https:\/\/dmd.eu\/de\/wp-json\/wp\/v2\/product"}],"about":[{"href":"https:\/\/dmd.eu\/de\/wp-json\/wp\/v2\/types\/product"}],"replies":[{"embeddable":true,"href":"https:\/\/dmd.eu\/de\/wp-json\/wp\/v2\/comments?post=13179"}],"wp:featuredmedia":[{"embeddable":true,"href":"https:\/\/dmd.eu\/de\/wp-json\/wp\/v2\/media\/8967"}],"wp:attachment":[{"href":"https:\/\/dmd.eu\/de\/wp-json\/wp\/v2\/media?parent=13179"}],"wp:term":[{"taxonomy":"product_brand","embeddable":true,"href":"https:\/\/dmd.eu\/de\/wp-json\/wp\/v2\/product_brand?post=13179"},{"taxonomy":"product_cat","embeddable":true,"href":"https:\/\/dmd.eu\/de\/wp-json\/wp\/v2\/product_cat?post=13179"},{"taxonomy":"product_tag","embeddable":true,"href":"https:\/\/dmd.eu\/de\/wp-json\/wp\/v2\/product_tag?post=13179"},{"taxonomy":"giftcard-category","embeddable":true,"href":"https:\/\/dmd.eu\/de\/wp-json\/wp\/v2\/giftcard-category?post=13179"}],"curies":[{"name":"wp","href":"https:\/\/api.w.org\/{rel}","templated":true}]}}