{"id":13175,"date":"2023-09-02T14:57:32","date_gmt":"2023-09-02T12:57:32","guid":{"rendered":"https:\/\/www.dmd.eu\/product\/unkategorisiert\/seventyfive-cover-visor\/"},"modified":"2025-12-02T00:14:28","modified_gmt":"2025-12-01T23:14:28","slug":"seventyfive-cover-visor","status":"publish","type":"product","link":"https:\/\/dmd.eu\/de\/prodotto\/integralhelme\/accessoires-integralhelme\/seventyfive-cover-visor\/","title":{"rendered":"SEVENTYFIVE COVER VISOR"},"content":{"rendered":"<p>Das <strong>Seventyfive Cover Visor Zubeh\u00f6r<\/strong> ist f\u00fcr die DMD Integralhelme gedacht, genauer gesagt f\u00fcr die Seventyfive-Linie. Es handelt sich um ein Visier zum Schutz von Gesicht und Augen beim Fahren, das durch die Verwendung der Kn\u00f6pfe auf der Schale des Seventyfive-Helms angewendet werden kann. Der Seventyfive Cover Visor f\u00fcr Integralhelme ist in zwei Linsentypen erh\u00e4ltlich: hell oder dunkel.<\/p>\n","protected":false},"excerpt":{"rendered":"<p>Das Seventyfive Cover Visor Zubeh\u00f6r ist f\u00fcr die DMD Integralhelme gedacht, genauer gesagt f\u00fcr die Seventyfive-Linie. Es handelt sich um ein Visier zum Schutz von Gesicht und Augen beim Fahren, das durch die Verwendung der Kn\u00f6pfe auf der Schale des Seventyfive-Helms angewendet werden kann. Der Seventyfive Cover Visor f\u00fcr Integralhelme ist in zwei Linsentypen erh\u00e4ltlich: [&hellip;]<\/p>\n","protected":false},"featured_media":56583,"comment_status":"closed","ping_status":"closed","template":"","meta":{"_acf_changed":false},"product_brand":[],"product_cat":[363,130],"product_tag":[],"giftcard-category":[],"class_list":{"0":"post-13175","1":"product","2":"type-product","3":"status-publish","4":"has-post-thumbnail","6":"product_cat-accessoires-integralhelme","7":"product_cat-integralhelme","9":"first","10":"instock","11":"taxable","12":"shipping-taxable","13":"purchasable","14":"product-type-variable"},"acf":[],"jetpack_sharing_enabled":true,"_links":{"self":[{"href":"https:\/\/dmd.eu\/de\/wp-json\/wp\/v2\/product\/13175","targetHints":{"allow":["GET"]}}],"collection":[{"href":"https:\/\/dmd.eu\/de\/wp-json\/wp\/v2\/product"}],"about":[{"href":"https:\/\/dmd.eu\/de\/wp-json\/wp\/v2\/types\/product"}],"replies":[{"embeddable":true,"href":"https:\/\/dmd.eu\/de\/wp-json\/wp\/v2\/comments?post=13175"}],"wp:featuredmedia":[{"embeddable":true,"href":"https:\/\/dmd.eu\/de\/wp-json\/wp\/v2\/media\/56583"}],"wp:attachment":[{"href":"https:\/\/dmd.eu\/de\/wp-json\/wp\/v2\/media?parent=13175"}],"wp:term":[{"taxonomy":"product_brand","embeddable":true,"href":"https:\/\/dmd.eu\/de\/wp-json\/wp\/v2\/product_brand?post=13175"},{"taxonomy":"product_cat","embeddable":true,"href":"https:\/\/dmd.eu\/de\/wp-json\/wp\/v2\/product_cat?post=13175"},{"taxonomy":"product_tag","embeddable":true,"href":"https:\/\/dmd.eu\/de\/wp-json\/wp\/v2\/product_tag?post=13175"},{"taxonomy":"giftcard-category","embeddable":true,"href":"https:\/\/dmd.eu\/de\/wp-json\/wp\/v2\/giftcard-category?post=13175"}],"curies":[{"name":"wp","href":"https:\/\/api.w.org\/{rel}","templated":true}]}}