{"id":13171,"date":"2023-09-02T14:57:33","date_gmt":"2023-09-02T12:57:33","guid":{"rendered":"https:\/\/www.dmd.eu\/product\/unkategorisiert\/seventyfive-goggle\/"},"modified":"2026-04-03T23:07:52","modified_gmt":"2026-04-03T21:07:52","slug":"seventyfive-goggle","status":"publish","type":"product","link":"https:\/\/dmd.eu\/de\/prodotto\/integralhelme\/accessoires-integralhelme\/seventyfive-goggle\/","title":{"rendered":"SEVENTYFIVE GOGGLE"},"content":{"rendered":"<p>Das <strong>Seventyfive Goggle Zubeh\u00f6r<\/strong> ist f\u00fcr die DMD Integral Motorradhelme gedacht, genauer gesagt f\u00fcr die Seventyfive-Linie. Es ist ein auff\u00e4lliges Visier, das sich perfekt zum Schutz der Augen w\u00e4hrend der Fahrt eignet. Die Seventyfive Goggle f\u00fcr Integralhelme Seventyfive ist in zwei Linsentypen erh\u00e4ltlich: hell oder dunkel.<\/p>\n","protected":false},"excerpt":{"rendered":"<p>Das Seventyfive Goggle Zubeh\u00f6r ist f\u00fcr die DMD Integral Motorradhelme gedacht, genauer gesagt f\u00fcr die Seventyfive-Linie. Es ist ein auff\u00e4lliges Visier, das sich perfekt zum Schutz der Augen w\u00e4hrend der Fahrt eignet. Die Seventyfive Goggle f\u00fcr Integralhelme Seventyfive ist in zwei Linsentypen erh\u00e4ltlich: hell oder dunkel.<\/p>\n","protected":false},"featured_media":9007,"comment_status":"closed","ping_status":"closed","template":"","meta":{"_acf_changed":false},"product_brand":[],"product_cat":[363,130],"product_tag":[],"giftcard-category":[],"class_list":{"0":"post-13171","1":"product","2":"type-product","3":"status-publish","4":"has-post-thumbnail","6":"product_cat-accessoires-integralhelme","7":"product_cat-integralhelme","9":"first","10":"instock","11":"taxable","12":"shipping-taxable","13":"purchasable","14":"product-type-variable"},"acf":[],"jetpack_sharing_enabled":true,"_links":{"self":[{"href":"https:\/\/dmd.eu\/de\/wp-json\/wp\/v2\/product\/13171","targetHints":{"allow":["GET"]}}],"collection":[{"href":"https:\/\/dmd.eu\/de\/wp-json\/wp\/v2\/product"}],"about":[{"href":"https:\/\/dmd.eu\/de\/wp-json\/wp\/v2\/types\/product"}],"replies":[{"embeddable":true,"href":"https:\/\/dmd.eu\/de\/wp-json\/wp\/v2\/comments?post=13171"}],"wp:featuredmedia":[{"embeddable":true,"href":"https:\/\/dmd.eu\/de\/wp-json\/wp\/v2\/media\/9007"}],"wp:attachment":[{"href":"https:\/\/dmd.eu\/de\/wp-json\/wp\/v2\/media?parent=13171"}],"wp:term":[{"taxonomy":"product_brand","embeddable":true,"href":"https:\/\/dmd.eu\/de\/wp-json\/wp\/v2\/product_brand?post=13171"},{"taxonomy":"product_cat","embeddable":true,"href":"https:\/\/dmd.eu\/de\/wp-json\/wp\/v2\/product_cat?post=13171"},{"taxonomy":"product_tag","embeddable":true,"href":"https:\/\/dmd.eu\/de\/wp-json\/wp\/v2\/product_tag?post=13171"},{"taxonomy":"giftcard-category","embeddable":true,"href":"https:\/\/dmd.eu\/de\/wp-json\/wp\/v2\/giftcard-category?post=13171"}],"curies":[{"name":"wp","href":"https:\/\/api.w.org\/{rel}","templated":true}]}}