{"id":13155,"date":"2023-09-03T07:53:25","date_gmt":"2023-09-03T05:53:25","guid":{"rendered":"https:\/\/www.dmd.eu\/product\/unkategorisiert\/gilet-jeans\/"},"modified":"2025-12-02T00:14:22","modified_gmt":"2025-12-01T23:14:22","slug":"weste-jeans","status":"publish","type":"product","link":"https:\/\/dmd.eu\/de\/prodotto\/motorradbekleidung\/weste\/weste-jeans\/","title":{"rendered":"WESTE JEANS"},"content":{"rendered":"<p>Die \u00e4rmellose <strong>Weste <\/strong>aus Denim-Stoff ist ein Kleidungsst\u00fcck mit einem authentischen Vintage-Look, das f\u00fcr jeden Motorradliebhaber unverzichtbar ist.<br \/>\nDieses kurze Modell ist vollgepackt mit Details wie Quertaschen f\u00fcr einen einfachen Zugang f\u00fcr diejenigen, die immer auf dem Motorrad sind.<\/p>\n<p>\ud83c\uddee\ud83c\uddf9 Hergestellt in Italien, mit Leidenschaft.<\/p>\n","protected":false},"excerpt":{"rendered":"<p>Die \u00e4rmellose Weste aus Denim-Stoff ist ein Kleidungsst\u00fcck mit einem authentischen Vintage-Look, das f\u00fcr jeden Motorradliebhaber unverzichtbar ist. Dieses kurze Modell ist vollgepackt mit Details wie Quertaschen f\u00fcr einen einfachen Zugang f\u00fcr diejenigen, die immer auf dem Motorrad sind. \ud83c\uddee\ud83c\uddf9 Hergestellt in Italien, mit Leidenschaft.<\/p>\n","protected":false},"featured_media":9611,"comment_status":"closed","ping_status":"closed","template":"","meta":{"_acf_changed":false},"product_brand":[],"product_cat":[264,4744],"product_tag":[],"giftcard-category":[],"class_list":{"0":"post-13155","1":"product","2":"type-product","3":"status-publish","4":"has-post-thumbnail","6":"product_cat-motorradbekleidung","7":"product_cat-weste","9":"first","10":"instock","11":"taxable","12":"shipping-taxable","13":"purchasable","14":"product-type-variable"},"acf":[],"jetpack_sharing_enabled":true,"_links":{"self":[{"href":"https:\/\/dmd.eu\/de\/wp-json\/wp\/v2\/product\/13155","targetHints":{"allow":["GET"]}}],"collection":[{"href":"https:\/\/dmd.eu\/de\/wp-json\/wp\/v2\/product"}],"about":[{"href":"https:\/\/dmd.eu\/de\/wp-json\/wp\/v2\/types\/product"}],"replies":[{"embeddable":true,"href":"https:\/\/dmd.eu\/de\/wp-json\/wp\/v2\/comments?post=13155"}],"wp:featuredmedia":[{"embeddable":true,"href":"https:\/\/dmd.eu\/de\/wp-json\/wp\/v2\/media\/9611"}],"wp:attachment":[{"href":"https:\/\/dmd.eu\/de\/wp-json\/wp\/v2\/media?parent=13155"}],"wp:term":[{"taxonomy":"product_brand","embeddable":true,"href":"https:\/\/dmd.eu\/de\/wp-json\/wp\/v2\/product_brand?post=13155"},{"taxonomy":"product_cat","embeddable":true,"href":"https:\/\/dmd.eu\/de\/wp-json\/wp\/v2\/product_cat?post=13155"},{"taxonomy":"product_tag","embeddable":true,"href":"https:\/\/dmd.eu\/de\/wp-json\/wp\/v2\/product_tag?post=13155"},{"taxonomy":"giftcard-category","embeddable":true,"href":"https:\/\/dmd.eu\/de\/wp-json\/wp\/v2\/giftcard-category?post=13155"}],"curies":[{"name":"wp","href":"https:\/\/api.w.org\/{rel}","templated":true}]}}