{"id":13080,"date":"2023-08-31T11:17:33","date_gmt":"2023-08-31T09:17:33","guid":{"rendered":"https:\/\/www.dmd.eu\/product\/unkategorisiert\/jeans\/"},"modified":"2025-12-02T00:14:31","modified_gmt":"2025-12-01T23:14:31","slug":"jeans","status":"publish","type":"product","link":"https:\/\/dmd.eu\/de\/prodotto\/motorradbekleidung\/hosen\/jeans\/","title":{"rendered":"JEANS"},"content":{"rendered":"<p><strong>DMD-Motorradjeans<\/strong> sind bequem, sicher und f\u00fcr jeden Motorradfahrer geeignet. Die Sicherheit wird durch das Vorhandensein von zertifizierten Schutzvorrichtungen an Knien und H\u00fcften gew\u00e4hrleistet. Es ist ein technisches Kleidungsst\u00fcck, aber ohne auf den Komfort und die Praktikabilit\u00e4t einer normalen Hose aus Baumwolle zu verzichten.<\/p>\n","protected":false},"excerpt":{"rendered":"<p>DMD-Motorradjeans sind bequem, sicher und f\u00fcr jeden Motorradfahrer geeignet. Die Sicherheit wird durch das Vorhandensein von zertifizierten Schutzvorrichtungen an Knien und H\u00fcften gew\u00e4hrleistet. Es ist ein technisches Kleidungsst\u00fcck, aber ohne auf den Komfort und die Praktikabilit\u00e4t einer normalen Hose aus Baumwolle zu verzichten.<\/p>\n","protected":false},"featured_media":7871,"comment_status":"closed","ping_status":"closed","template":"","meta":{"_acf_changed":false},"product_brand":[],"product_cat":[278,264],"product_tag":[],"giftcard-category":[],"class_list":{"0":"post-13080","1":"product","2":"type-product","3":"status-publish","4":"has-post-thumbnail","6":"product_cat-hosen","7":"product_cat-motorradbekleidung","9":"first","10":"instock","11":"sale","12":"taxable","13":"shipping-taxable","14":"purchasable","15":"product-type-variable"},"acf":[],"jetpack_sharing_enabled":true,"_links":{"self":[{"href":"https:\/\/dmd.eu\/de\/wp-json\/wp\/v2\/product\/13080","targetHints":{"allow":["GET"]}}],"collection":[{"href":"https:\/\/dmd.eu\/de\/wp-json\/wp\/v2\/product"}],"about":[{"href":"https:\/\/dmd.eu\/de\/wp-json\/wp\/v2\/types\/product"}],"replies":[{"embeddable":true,"href":"https:\/\/dmd.eu\/de\/wp-json\/wp\/v2\/comments?post=13080"}],"wp:featuredmedia":[{"embeddable":true,"href":"https:\/\/dmd.eu\/de\/wp-json\/wp\/v2\/media\/7871"}],"wp:attachment":[{"href":"https:\/\/dmd.eu\/de\/wp-json\/wp\/v2\/media?parent=13080"}],"wp:term":[{"taxonomy":"product_brand","embeddable":true,"href":"https:\/\/dmd.eu\/de\/wp-json\/wp\/v2\/product_brand?post=13080"},{"taxonomy":"product_cat","embeddable":true,"href":"https:\/\/dmd.eu\/de\/wp-json\/wp\/v2\/product_cat?post=13080"},{"taxonomy":"product_tag","embeddable":true,"href":"https:\/\/dmd.eu\/de\/wp-json\/wp\/v2\/product_tag?post=13080"},{"taxonomy":"giftcard-category","embeddable":true,"href":"https:\/\/dmd.eu\/de\/wp-json\/wp\/v2\/giftcard-category?post=13080"}],"curies":[{"name":"wp","href":"https:\/\/api.w.org\/{rel}","templated":true}]}}