{"id":13074,"date":"2023-09-01T10:36:17","date_gmt":"2023-09-01T08:36:17","guid":{"rendered":"https:\/\/www.dmd.eu\/product\/unkategorisiert\/juggler\/"},"modified":"2025-12-02T00:12:03","modified_gmt":"2025-12-01T23:12:03","slug":"juggler","status":"publish","type":"product","link":"https:\/\/dmd.eu\/de\/prodotto\/motorradbekleidung\/bandanas\/juggler\/","title":{"rendered":"JUGGLER"},"content":{"rendered":"<p>Das <strong>Juggler Motorrad-Bandana<\/strong> wird komplett in Italien aus Baumwolle und Seide hergestellt. Praktisch und vielseitig ist ein klassisches St\u00fcck f\u00fcr alle Biker und ein n\u00fctzliches Accessoire zum Schutz vor K\u00e4lte, Wind und Insekten. Es verf\u00fcgt \u00fcber auff\u00e4llige Grafiken und Muster, die exklusiv f\u00fcr DMD entwickelt wurden.<\/p>\n","protected":false},"excerpt":{"rendered":"<p>Das Juggler Motorrad-Bandana wird komplett in Italien aus Baumwolle und Seide hergestellt. Praktisch und vielseitig ist ein klassisches St\u00fcck f\u00fcr alle Biker und ein n\u00fctzliches Accessoire zum Schutz vor K\u00e4lte, Wind und Insekten. Es verf\u00fcgt \u00fcber auff\u00e4llige Grafiken und Muster, die exklusiv f\u00fcr DMD entwickelt wurden.<\/p>\n","protected":false},"featured_media":8542,"comment_status":"closed","ping_status":"closed","template":"","meta":{"_acf_changed":false},"product_brand":[],"product_cat":[358,264],"product_tag":[],"giftcard-category":[],"class_list":{"0":"post-13074","1":"product","2":"type-product","3":"status-publish","4":"has-post-thumbnail","6":"product_cat-bandanas","7":"product_cat-motorradbekleidung","9":"first","10":"instock","11":"taxable","12":"shipping-taxable","13":"purchasable","14":"product-type-simple"},"acf":[],"jetpack_sharing_enabled":true,"_links":{"self":[{"href":"https:\/\/dmd.eu\/de\/wp-json\/wp\/v2\/product\/13074","targetHints":{"allow":["GET"]}}],"collection":[{"href":"https:\/\/dmd.eu\/de\/wp-json\/wp\/v2\/product"}],"about":[{"href":"https:\/\/dmd.eu\/de\/wp-json\/wp\/v2\/types\/product"}],"replies":[{"embeddable":true,"href":"https:\/\/dmd.eu\/de\/wp-json\/wp\/v2\/comments?post=13074"}],"wp:featuredmedia":[{"embeddable":true,"href":"https:\/\/dmd.eu\/de\/wp-json\/wp\/v2\/media\/8542"}],"wp:attachment":[{"href":"https:\/\/dmd.eu\/de\/wp-json\/wp\/v2\/media?parent=13074"}],"wp:term":[{"taxonomy":"product_brand","embeddable":true,"href":"https:\/\/dmd.eu\/de\/wp-json\/wp\/v2\/product_brand?post=13074"},{"taxonomy":"product_cat","embeddable":true,"href":"https:\/\/dmd.eu\/de\/wp-json\/wp\/v2\/product_cat?post=13074"},{"taxonomy":"product_tag","embeddable":true,"href":"https:\/\/dmd.eu\/de\/wp-json\/wp\/v2\/product_tag?post=13074"},{"taxonomy":"giftcard-category","embeddable":true,"href":"https:\/\/dmd.eu\/de\/wp-json\/wp\/v2\/giftcard-category?post=13074"}],"curies":[{"name":"wp","href":"https:\/\/api.w.org\/{rel}","templated":true}]}}