{"id":13052,"date":"2023-09-03T07:53:22","date_gmt":"2023-09-03T05:53:22","guid":{"rendered":"https:\/\/www.dmd.eu\/product\/unkategorisiert\/bunny-blue-waxed-cotton\/"},"modified":"2026-03-21T13:22:46","modified_gmt":"2026-03-21T12:22:46","slug":"bunny-blue","status":"publish","type":"product","link":"https:\/\/dmd.eu\/de\/prodotto\/motorradbekleidung\/jacken\/bunny-blue\/","title":{"rendered":"BUNNY BLUE"},"content":{"rendered":"<p>Sch\u00fctzende und zugelassene <strong>Bunny Motorradjacke<\/strong>. CE-Zertifizierung: AA.<\/p>\n<p>Die Jacke im Bunny-Modell ist ideal f\u00fcr alle, die einen Racer-Caf\u00e9-Look suchen, aber nicht \u00fcbertreiben.<br \/>\nHergestellt aus unserer exklusiven wasserabweisenden Wachsbaumwolle, ist es eine Jacke f\u00fcr diejenigen, die eine saubere Linie wollen und ist ideal f\u00fcr urbane Ausfl\u00fcge.<br \/>\nDie mittlere Naht verleiht au\u00dferdem ein auff\u00e4lliges Detail, ohne die klassische Silhouette zu beeintr\u00e4chtigen.<\/p>\n","protected":false},"excerpt":{"rendered":"<p>Sch\u00fctzende und zugelassene Bunny Motorradjacke. CE-Zertifizierung: AA. Die Jacke im Bunny-Modell ist ideal f\u00fcr alle, die einen Racer-Caf\u00e9-Look suchen, aber nicht \u00fcbertreiben. Hergestellt aus unserer exklusiven wasserabweisenden Wachsbaumwolle, ist es eine Jacke f\u00fcr diejenigen, die eine saubere Linie wollen und ist ideal f\u00fcr urbane Ausfl\u00fcge. Die mittlere Naht verleiht au\u00dferdem ein auff\u00e4lliges Detail, ohne die [&hellip;]<\/p>\n","protected":false},"featured_media":9446,"comment_status":"closed","ping_status":"closed","template":"","meta":{"_acf_changed":false},"product_brand":[],"product_cat":[264,368],"product_tag":[],"giftcard-category":[],"class_list":{"0":"post-13052","1":"product","2":"type-product","3":"status-publish","4":"has-post-thumbnail","6":"product_cat-motorradbekleidung","7":"product_cat-jacken","9":"first","10":"outofstock","11":"sale","12":"taxable","13":"shipping-taxable","14":"purchasable","15":"product-type-variable"},"acf":[],"jetpack_sharing_enabled":true,"_links":{"self":[{"href":"https:\/\/dmd.eu\/de\/wp-json\/wp\/v2\/product\/13052","targetHints":{"allow":["GET"]}}],"collection":[{"href":"https:\/\/dmd.eu\/de\/wp-json\/wp\/v2\/product"}],"about":[{"href":"https:\/\/dmd.eu\/de\/wp-json\/wp\/v2\/types\/product"}],"replies":[{"embeddable":true,"href":"https:\/\/dmd.eu\/de\/wp-json\/wp\/v2\/comments?post=13052"}],"wp:featuredmedia":[{"embeddable":true,"href":"https:\/\/dmd.eu\/de\/wp-json\/wp\/v2\/media\/9446"}],"wp:attachment":[{"href":"https:\/\/dmd.eu\/de\/wp-json\/wp\/v2\/media?parent=13052"}],"wp:term":[{"taxonomy":"product_brand","embeddable":true,"href":"https:\/\/dmd.eu\/de\/wp-json\/wp\/v2\/product_brand?post=13052"},{"taxonomy":"product_cat","embeddable":true,"href":"https:\/\/dmd.eu\/de\/wp-json\/wp\/v2\/product_cat?post=13052"},{"taxonomy":"product_tag","embeddable":true,"href":"https:\/\/dmd.eu\/de\/wp-json\/wp\/v2\/product_tag?post=13052"},{"taxonomy":"giftcard-category","embeddable":true,"href":"https:\/\/dmd.eu\/de\/wp-json\/wp\/v2\/giftcard-category?post=13052"}],"curies":[{"name":"wp","href":"https:\/\/api.w.org\/{rel}","templated":true}]}}