{"id":13005,"date":"2023-09-03T07:53:24","date_gmt":"2023-09-03T05:53:24","guid":{"rendered":"https:\/\/www.dmd.eu\/product\/unkategorisiert\/solo-rider-brown-leather\/"},"modified":"2025-12-02T00:14:25","modified_gmt":"2025-12-01T23:14:25","slug":"solo-rider-brown","status":"publish","type":"product","link":"https:\/\/dmd.eu\/de\/prodotto\/sale-de\/sale-kleidung\/solo-rider-brown\/","title":{"rendered":"SOLO RIDER BROWN"},"content":{"rendered":"<p><strong>Solo Rider Motorradjacke<\/strong> sch\u00fctzend und zugelassen. CE-Zertifizierung: AA.<\/p>\n<p>Das Modell Solo Rider aus Leder ist die klassische Caf\u00e9 Racer Motorradjacke, die f\u00fcr jeden Motorradtyp geeignet ist.<br \/>\nDas Modell ist reich an Details, darunter gesteppte Patches an Schultern und Ellbogen, die an die Jacken erinnern, die im Motorradrennen der 20er Jahre verwendet wurden.<\/p>\n","protected":false},"excerpt":{"rendered":"<p>Solo Rider Motorradjacke sch\u00fctzend und zugelassen. CE-Zertifizierung: AA. Das Modell Solo Rider aus Leder ist die klassische Caf\u00e9 Racer Motorradjacke, die f\u00fcr jeden Motorradtyp geeignet ist. Das Modell ist reich an Details, darunter gesteppte Patches an Schultern und Ellbogen, die an die Jacken erinnern, die im Motorradrennen der 20er Jahre verwendet wurden.<\/p>\n","protected":false},"featured_media":9911,"comment_status":"closed","ping_status":"closed","template":"","meta":{"_acf_changed":false},"product_brand":[],"product_cat":[409,419],"product_tag":[],"giftcard-category":[],"class_list":{"0":"post-13005","1":"product","2":"type-product","3":"status-publish","4":"has-post-thumbnail","6":"product_cat-sale-de","7":"product_cat-sale-kleidung","9":"first","10":"instock","11":"sale","12":"taxable","13":"shipping-taxable","14":"purchasable","15":"product-type-variable"},"acf":[],"jetpack_sharing_enabled":true,"_links":{"self":[{"href":"https:\/\/dmd.eu\/de\/wp-json\/wp\/v2\/product\/13005","targetHints":{"allow":["GET"]}}],"collection":[{"href":"https:\/\/dmd.eu\/de\/wp-json\/wp\/v2\/product"}],"about":[{"href":"https:\/\/dmd.eu\/de\/wp-json\/wp\/v2\/types\/product"}],"replies":[{"embeddable":true,"href":"https:\/\/dmd.eu\/de\/wp-json\/wp\/v2\/comments?post=13005"}],"wp:featuredmedia":[{"embeddable":true,"href":"https:\/\/dmd.eu\/de\/wp-json\/wp\/v2\/media\/9911"}],"wp:attachment":[{"href":"https:\/\/dmd.eu\/de\/wp-json\/wp\/v2\/media?parent=13005"}],"wp:term":[{"taxonomy":"product_brand","embeddable":true,"href":"https:\/\/dmd.eu\/de\/wp-json\/wp\/v2\/product_brand?post=13005"},{"taxonomy":"product_cat","embeddable":true,"href":"https:\/\/dmd.eu\/de\/wp-json\/wp\/v2\/product_cat?post=13005"},{"taxonomy":"product_tag","embeddable":true,"href":"https:\/\/dmd.eu\/de\/wp-json\/wp\/v2\/product_tag?post=13005"},{"taxonomy":"giftcard-category","embeddable":true,"href":"https:\/\/dmd.eu\/de\/wp-json\/wp\/v2\/giftcard-category?post=13005"}],"curies":[{"name":"wp","href":"https:\/\/api.w.org\/{rel}","templated":true}]}}