{"id":12989,"date":"2023-08-31T12:14:48","date_gmt":"2023-08-31T10:14:48","guid":{"rendered":"https:\/\/www.dmd.eu\/product\/unkategorisiert\/striped\/"},"modified":"2025-12-02T00:12:15","modified_gmt":"2025-12-01T23:12:15","slug":"striped","status":"publish","type":"product","link":"https:\/\/dmd.eu\/de\/prodotto\/motorradbekleidung\/halsrohr\/striped\/","title":{"rendered":"STRIPED"},"content":{"rendered":"<p>Der <strong>Striped Motorrad-halsw\u00e4rmer<\/strong>, der vollst\u00e4ndig in Italien hergestellt wird, ist ein unverzichtbares Produkt f\u00fcr Motorradfahrten zu jeder Jahreszeit. Aus Baumwolle gefertigt, ist es \u00e4u\u00dferst bequem zum Ein- und Ausziehen und ist ein n\u00fctzliches Accessoire zum Schutz vor K\u00e4lte, Wind und Insekten.<br \/>\nMit reversiblen Farben und auff\u00e4lligen Grafiken ist der DMD Halsw\u00e4rmer das passende Accessoire f\u00fcr jeden Motorradfahrer, der ein komfortables, warmes und atmungsaktives Produkt sucht.<\/p>\n","protected":false},"excerpt":{"rendered":"<p>Der Striped Motorrad-halsw\u00e4rmer, der vollst\u00e4ndig in Italien hergestellt wird, ist ein unverzichtbares Produkt f\u00fcr Motorradfahrten zu jeder Jahreszeit. Aus Baumwolle gefertigt, ist es \u00e4u\u00dferst bequem zum Ein- und Ausziehen und ist ein n\u00fctzliches Accessoire zum Schutz vor K\u00e4lte, Wind und Insekten. Mit reversiblen Farben und auff\u00e4lligen Grafiken ist der DMD Halsw\u00e4rmer das passende Accessoire f\u00fcr [&hellip;]<\/p>\n","protected":false},"featured_media":8075,"comment_status":"closed","ping_status":"closed","template":"","meta":{"_acf_changed":false},"product_brand":[],"product_cat":[318,264],"product_tag":[],"giftcard-category":[],"class_list":{"0":"post-12989","1":"product","2":"type-product","3":"status-publish","4":"has-post-thumbnail","6":"product_cat-halsrohr","7":"product_cat-motorradbekleidung","9":"first","10":"instock","11":"taxable","12":"shipping-taxable","13":"purchasable","14":"product-type-simple"},"acf":[],"jetpack_sharing_enabled":true,"_links":{"self":[{"href":"https:\/\/dmd.eu\/de\/wp-json\/wp\/v2\/product\/12989","targetHints":{"allow":["GET"]}}],"collection":[{"href":"https:\/\/dmd.eu\/de\/wp-json\/wp\/v2\/product"}],"about":[{"href":"https:\/\/dmd.eu\/de\/wp-json\/wp\/v2\/types\/product"}],"replies":[{"embeddable":true,"href":"https:\/\/dmd.eu\/de\/wp-json\/wp\/v2\/comments?post=12989"}],"wp:featuredmedia":[{"embeddable":true,"href":"https:\/\/dmd.eu\/de\/wp-json\/wp\/v2\/media\/8075"}],"wp:attachment":[{"href":"https:\/\/dmd.eu\/de\/wp-json\/wp\/v2\/media?parent=12989"}],"wp:term":[{"taxonomy":"product_brand","embeddable":true,"href":"https:\/\/dmd.eu\/de\/wp-json\/wp\/v2\/product_brand?post=12989"},{"taxonomy":"product_cat","embeddable":true,"href":"https:\/\/dmd.eu\/de\/wp-json\/wp\/v2\/product_cat?post=12989"},{"taxonomy":"product_tag","embeddable":true,"href":"https:\/\/dmd.eu\/de\/wp-json\/wp\/v2\/product_tag?post=12989"},{"taxonomy":"giftcard-category","embeddable":true,"href":"https:\/\/dmd.eu\/de\/wp-json\/wp\/v2\/giftcard-category?post=12989"}],"curies":[{"name":"wp","href":"https:\/\/api.w.org\/{rel}","templated":true}]}}