{"id":12944,"date":"2023-08-31T17:42:33","date_gmt":"2023-08-31T15:42:33","guid":{"rendered":"https:\/\/www.dmd.eu\/product\/unkategorisiert\/shield-tiger\/"},"modified":"2025-12-02T00:14:30","modified_gmt":"2025-12-01T23:14:30","slug":"shield-tiger","status":"publish","type":"product","link":"https:\/\/dmd.eu\/de\/prodotto\/motorradbekleidung\/handschuhe\/shield-tiger\/","title":{"rendered":"SHIELD TIGER"},"content":{"rendered":"<p>Die <strong>Shield Tiger Motorradhandschuhe<\/strong> der Marke DMD werden in Italien vollst\u00e4ndig von Hand gefertigt. Diese Motorradhandschuhe sind f\u00fcr Motorradfahrer im Caf\u00e9 Racer-Stil und f\u00fcr Liebhaber der begehrten Kleidung konzipiert und sind aus echtem Leder gefertigt und in der Farbe Schwarz gehalten. Sie bieten Schutz und Komfort in einem einzigen Design, elegant und f\u00fcr drei Jahreszeiten geeignet: Fr\u00fchling, Sommer und Herbst.<br \/>\nSie sind schlie\u00dflich mit der CE-Zulassung ausgestattet, um in v\u00f6lliger Sicherheit zu fahren.<\/p>\n","protected":false},"excerpt":{"rendered":"<p>Die Shield Tiger Motorradhandschuhe der Marke DMD werden in Italien vollst\u00e4ndig von Hand gefertigt. Diese Motorradhandschuhe sind f\u00fcr Motorradfahrer im Caf\u00e9 Racer-Stil und f\u00fcr Liebhaber der begehrten Kleidung konzipiert und sind aus echtem Leder gefertigt und in der Farbe Schwarz gehalten. Sie bieten Schutz und Komfort in einem einzigen Design, elegant und f\u00fcr drei Jahreszeiten [&hellip;]<\/p>\n","protected":false},"featured_media":16232,"comment_status":"closed","ping_status":"closed","template":"","meta":{"_acf_changed":false},"product_brand":[],"product_cat":[264,353],"product_tag":[],"giftcard-category":[],"class_list":{"0":"post-12944","1":"product","2":"type-product","3":"status-publish","4":"has-post-thumbnail","6":"product_cat-motorradbekleidung","7":"product_cat-handschuhe","9":"first","10":"instock","11":"taxable","12":"shipping-taxable","13":"purchasable","14":"product-type-variable"},"acf":[],"jetpack_sharing_enabled":true,"_links":{"self":[{"href":"https:\/\/dmd.eu\/de\/wp-json\/wp\/v2\/product\/12944","targetHints":{"allow":["GET"]}}],"collection":[{"href":"https:\/\/dmd.eu\/de\/wp-json\/wp\/v2\/product"}],"about":[{"href":"https:\/\/dmd.eu\/de\/wp-json\/wp\/v2\/types\/product"}],"replies":[{"embeddable":true,"href":"https:\/\/dmd.eu\/de\/wp-json\/wp\/v2\/comments?post=12944"}],"wp:featuredmedia":[{"embeddable":true,"href":"https:\/\/dmd.eu\/de\/wp-json\/wp\/v2\/media\/16232"}],"wp:attachment":[{"href":"https:\/\/dmd.eu\/de\/wp-json\/wp\/v2\/media?parent=12944"}],"wp:term":[{"taxonomy":"product_brand","embeddable":true,"href":"https:\/\/dmd.eu\/de\/wp-json\/wp\/v2\/product_brand?post=12944"},{"taxonomy":"product_cat","embeddable":true,"href":"https:\/\/dmd.eu\/de\/wp-json\/wp\/v2\/product_cat?post=12944"},{"taxonomy":"product_tag","embeddable":true,"href":"https:\/\/dmd.eu\/de\/wp-json\/wp\/v2\/product_tag?post=12944"},{"taxonomy":"giftcard-category","embeddable":true,"href":"https:\/\/dmd.eu\/de\/wp-json\/wp\/v2\/giftcard-category?post=12944"}],"curies":[{"name":"wp","href":"https:\/\/api.w.org\/{rel}","templated":true}]}}