{"id":12810,"date":"2023-08-20T14:09:42","date_gmt":"2023-08-20T12:09:42","guid":{"rendered":"https:\/\/www.dmd.eu\/product\/unkategorisiert\/seventyfive-matt-black\/"},"modified":"2026-03-30T23:12:18","modified_gmt":"2026-03-30T21:12:18","slug":"seventyfive-matt-black","status":"publish","type":"product","link":"https:\/\/dmd.eu\/de\/prodotto\/sale-de\/sale-helm\/seventyfive-matt-black\/","title":{"rendered":"SEVENTYFIVE MATT BLACK"},"content":{"rendered":"<p>Der einfarbige <strong>Seventyfive<\/strong> <strong>Matt Black Integralhelm<\/strong> ist von einem ikonischen Modell aus den siebziger Jahren inspiriert, er ist sehr leicht, im Vintage-Design und bietet ein H\u00f6chstma\u00df an Sicherheit und Komfort, der dank seiner neutralen, mattschwarzen Farbe zu jeder Art von Motorrad passt.<br \/>\nBesonders geeignet f\u00fcr einen Motorradfahrer, der den Vintage-Stil liebt und ein sicheres, komfortables und \u00e4sthetisch sch\u00f6nes Produkt sucht, egal ob Sie ein Custom, Vintage oder Caf\u00e9-Racer-Motorrad fahren.<\/p>\n<p>*ECE 22.05 zugelassenes Modell, das den Stra\u00dfenverkehrsbestimmungen entspricht, sodass Sie es sicher und ohne Bedenken weiterhin nutzen k\u00f6nnen.<\/p>\n","protected":false},"excerpt":{"rendered":"<p>Der einfarbige Seventyfive Matt Black Integralhelm ist von einem ikonischen Modell aus den siebziger Jahren inspiriert, er ist sehr leicht, im Vintage-Design und bietet ein H\u00f6chstma\u00df an Sicherheit und Komfort, der dank seiner neutralen, mattschwarzen Farbe zu jeder Art von Motorrad passt. Besonders geeignet f\u00fcr einen Motorradfahrer, der den Vintage-Stil liebt und ein sicheres, komfortables [&hellip;]<\/p>\n","protected":false},"featured_media":3669,"comment_status":"closed","ping_status":"closed","template":"","meta":{"_acf_changed":false},"product_brand":[],"product_cat":[409,422],"product_tag":[],"giftcard-category":[],"class_list":{"0":"post-12810","1":"product","2":"type-product","3":"status-publish","4":"has-post-thumbnail","6":"product_cat-sale-de","7":"product_cat-sale-helm","9":"first","10":"instock","11":"sale","12":"taxable","13":"shipping-taxable","14":"purchasable","15":"product-type-variable"},"acf":[],"jetpack_sharing_enabled":true,"_links":{"self":[{"href":"https:\/\/dmd.eu\/de\/wp-json\/wp\/v2\/product\/12810","targetHints":{"allow":["GET"]}}],"collection":[{"href":"https:\/\/dmd.eu\/de\/wp-json\/wp\/v2\/product"}],"about":[{"href":"https:\/\/dmd.eu\/de\/wp-json\/wp\/v2\/types\/product"}],"replies":[{"embeddable":true,"href":"https:\/\/dmd.eu\/de\/wp-json\/wp\/v2\/comments?post=12810"}],"wp:featuredmedia":[{"embeddable":true,"href":"https:\/\/dmd.eu\/de\/wp-json\/wp\/v2\/media\/3669"}],"wp:attachment":[{"href":"https:\/\/dmd.eu\/de\/wp-json\/wp\/v2\/media?parent=12810"}],"wp:term":[{"taxonomy":"product_brand","embeddable":true,"href":"https:\/\/dmd.eu\/de\/wp-json\/wp\/v2\/product_brand?post=12810"},{"taxonomy":"product_cat","embeddable":true,"href":"https:\/\/dmd.eu\/de\/wp-json\/wp\/v2\/product_cat?post=12810"},{"taxonomy":"product_tag","embeddable":true,"href":"https:\/\/dmd.eu\/de\/wp-json\/wp\/v2\/product_tag?post=12810"},{"taxonomy":"giftcard-category","embeddable":true,"href":"https:\/\/dmd.eu\/de\/wp-json\/wp\/v2\/giftcard-category?post=12810"}],"curies":[{"name":"wp","href":"https:\/\/api.w.org\/{rel}","templated":true}]}}