{"id":12794,"date":"2023-08-20T14:09:44","date_gmt":"2023-08-20T12:09:44","guid":{"rendered":"https:\/\/www.dmd.eu\/product\/unkategorisiert\/seventyfive-eighty\/"},"modified":"2025-12-03T01:58:05","modified_gmt":"2025-12-03T00:58:05","slug":"seventyfive-eighty","status":"publish","type":"product","link":"https:\/\/dmd.eu\/de\/prodotto\/sale-de\/sale-helm\/seventyfive-eighty\/","title":{"rendered":"SEVENTYFIVE EIGHTY"},"content":{"rendered":"<p>Der <strong>Seventyfive Eighty Integralhelm<\/strong> zeichnet sich durch eine gl\u00e4nzende wei\u00dfe Basis mit typischen Farblinien der mythischen achtziger Jahre. Fahren Sie mit Ihrem Custom, Vintage, Caf\u00e9 Racer, Harley Davidson, Triumph, BMW, Honda, Guzzi, Indian Motorrad, erleben Sie Ihren Tag mit Energie und entfliehen der Monotonie ohne Risiken auszugehen, indem Sie den Seventyfive Eighty Integralhelm tragen.<\/p>\n","protected":false},"excerpt":{"rendered":"<p>Der Seventyfive Eighty Integralhelm zeichnet sich durch eine gl\u00e4nzende wei\u00dfe Basis mit typischen Farblinien der mythischen achtziger Jahre. Fahren Sie mit Ihrem Custom, Vintage, Caf\u00e9 Racer, Harley Davidson, Triumph, BMW, Honda, Guzzi, Indian Motorrad, erleben Sie Ihren Tag mit Energie und entfliehen der Monotonie ohne Risiken auszugehen, indem Sie den Seventyfive Eighty Integralhelm tragen.<\/p>\n","protected":false},"featured_media":3614,"comment_status":"closed","ping_status":"closed","template":"","meta":{"_acf_changed":false},"product_brand":[],"product_cat":[409,422],"product_tag":[],"giftcard-category":[],"class_list":{"0":"post-12794","1":"product","2":"type-product","3":"status-publish","4":"has-post-thumbnail","6":"product_cat-sale-de","7":"product_cat-sale-helm","9":"first","10":"outofstock","11":"sale","12":"taxable","13":"shipping-taxable","14":"purchasable","15":"product-type-variable"},"acf":[],"jetpack_sharing_enabled":true,"_links":{"self":[{"href":"https:\/\/dmd.eu\/de\/wp-json\/wp\/v2\/product\/12794","targetHints":{"allow":["GET"]}}],"collection":[{"href":"https:\/\/dmd.eu\/de\/wp-json\/wp\/v2\/product"}],"about":[{"href":"https:\/\/dmd.eu\/de\/wp-json\/wp\/v2\/types\/product"}],"replies":[{"embeddable":true,"href":"https:\/\/dmd.eu\/de\/wp-json\/wp\/v2\/comments?post=12794"}],"wp:featuredmedia":[{"embeddable":true,"href":"https:\/\/dmd.eu\/de\/wp-json\/wp\/v2\/media\/3614"}],"wp:attachment":[{"href":"https:\/\/dmd.eu\/de\/wp-json\/wp\/v2\/media?parent=12794"}],"wp:term":[{"taxonomy":"product_brand","embeddable":true,"href":"https:\/\/dmd.eu\/de\/wp-json\/wp\/v2\/product_brand?post=12794"},{"taxonomy":"product_cat","embeddable":true,"href":"https:\/\/dmd.eu\/de\/wp-json\/wp\/v2\/product_cat?post=12794"},{"taxonomy":"product_tag","embeddable":true,"href":"https:\/\/dmd.eu\/de\/wp-json\/wp\/v2\/product_tag?post=12794"},{"taxonomy":"giftcard-category","embeddable":true,"href":"https:\/\/dmd.eu\/de\/wp-json\/wp\/v2\/giftcard-category?post=12794"}],"curies":[{"name":"wp","href":"https:\/\/api.w.org\/{rel}","templated":true}]}}