{"id":12297,"date":"2023-08-20T14:09:45","date_gmt":"2023-08-20T12:09:45","guid":{"rendered":"https:\/\/www.dmd.eu\/product\/unkategorisiert\/seventyfive-yellow-2\/"},"modified":"2025-12-02T00:14:42","modified_gmt":"2025-12-01T23:14:42","slug":"seventyfive-yellow-2","status":"publish","type":"product","link":"https:\/\/dmd.eu\/de\/prodotto\/sale-de\/sale-helm\/seventyfive-yellow-2\/","title":{"rendered":"SEVENTYFIVE YELLOW"},"content":{"rendered":"<p>Der einfarbige <strong>Seventyfive Yellow Integralhelm<\/strong> ist besonders f\u00fcr seine leuchtend gelbe Farbe mit gl\u00e4nzendem Finish. Im Gegensatz zum wei\u00dfen Klassiker der Standardhelme im Jahr 1975 eingef\u00fchrt, hat es den Trend der damaligen Zeit v\u00f6llig ver\u00e4ndert. DMD schuf den Seventyfive Yellow als Hommage an diesen Moment: einen Helm, der nicht unbemerkt bleibt und f\u00fcr den Motorradfahrer mit sonnigem Charakter geeignet ist.<br \/>\nWenn Sie ein Custom, Vintage, Caf\u00e9 Racer, Harley Davidson, Triumph, BMW, Honda, Guzzi, Indian Motorrad haben, w\u00e4hlen Sie die Einzigartigkeit des Integralhelms Seventyfive Yellow.<\/p>\n","protected":false},"excerpt":{"rendered":"<p>Der einfarbige Seventyfive Yellow Integralhelm ist besonders f\u00fcr seine leuchtend gelbe Farbe mit gl\u00e4nzendem Finish. Im Gegensatz zum wei\u00dfen Klassiker der Standardhelme im Jahr 1975 eingef\u00fchrt, hat es den Trend der damaligen Zeit v\u00f6llig ver\u00e4ndert. DMD schuf den Seventyfive Yellow als Hommage an diesen Moment: einen Helm, der nicht unbemerkt bleibt und f\u00fcr den Motorradfahrer [&hellip;]<\/p>\n","protected":false},"featured_media":13710,"comment_status":"closed","ping_status":"closed","template":"","meta":{"_acf_changed":false},"product_brand":[],"product_cat":[409,422],"product_tag":[],"giftcard-category":[],"class_list":{"0":"post-12297","1":"product","2":"type-product","3":"status-publish","4":"has-post-thumbnail","6":"product_cat-sale-de","7":"product_cat-sale-helm","9":"first","10":"instock","11":"sale","12":"taxable","13":"shipping-taxable","14":"purchasable","15":"product-type-variable"},"acf":[],"jetpack_sharing_enabled":true,"_links":{"self":[{"href":"https:\/\/dmd.eu\/de\/wp-json\/wp\/v2\/product\/12297","targetHints":{"allow":["GET"]}}],"collection":[{"href":"https:\/\/dmd.eu\/de\/wp-json\/wp\/v2\/product"}],"about":[{"href":"https:\/\/dmd.eu\/de\/wp-json\/wp\/v2\/types\/product"}],"replies":[{"embeddable":true,"href":"https:\/\/dmd.eu\/de\/wp-json\/wp\/v2\/comments?post=12297"}],"wp:featuredmedia":[{"embeddable":true,"href":"https:\/\/dmd.eu\/de\/wp-json\/wp\/v2\/media\/13710"}],"wp:attachment":[{"href":"https:\/\/dmd.eu\/de\/wp-json\/wp\/v2\/media?parent=12297"}],"wp:term":[{"taxonomy":"product_brand","embeddable":true,"href":"https:\/\/dmd.eu\/de\/wp-json\/wp\/v2\/product_brand?post=12297"},{"taxonomy":"product_cat","embeddable":true,"href":"https:\/\/dmd.eu\/de\/wp-json\/wp\/v2\/product_cat?post=12297"},{"taxonomy":"product_tag","embeddable":true,"href":"https:\/\/dmd.eu\/de\/wp-json\/wp\/v2\/product_tag?post=12297"},{"taxonomy":"giftcard-category","embeddable":true,"href":"https:\/\/dmd.eu\/de\/wp-json\/wp\/v2\/giftcard-category?post=12297"}],"curies":[{"name":"wp","href":"https:\/\/api.w.org\/{rel}","templated":true}]}}