{"id":12120,"date":"2023-08-22T10:21:19","date_gmt":"2023-08-22T08:21:19","guid":{"rendered":"https:\/\/www.dmd.eu\/product\/unkategorisiert\/rocket-white\/"},"modified":"2025-12-02T00:14:41","modified_gmt":"2025-12-01T23:14:41","slug":"rocket-white","status":"publish","type":"product","link":"https:\/\/dmd.eu\/de\/prodotto\/sale-de\/sale-helm\/rocket-white\/","title":{"rendered":"ROCKET WHITE"},"content":{"rendered":"<p>Der <strong>Integralhelm Rocket White <\/strong> ist sehr leicht, hat ein Vintage-Design und bietet ein H\u00f6chstma\u00df an Sicherheit und Komfort. Dank seiner neutralen Farbe passt es zu jeder Art von Motorrad. Die gl\u00e4nzende wei\u00dfe Farbe und das ikonische Modell der siebziger Jahre machen es sehr eigenartig und einzigartig.<br \/>\nWenn Sie lange Reisen mit Ihrem Motorrad lieben, ist der Rocket White Integralhelm genau das Richtige f\u00fcr Sie.<\/p>\n","protected":false},"excerpt":{"rendered":"<p>Der Integralhelm Rocket White ist sehr leicht, hat ein Vintage-Design und bietet ein H\u00f6chstma\u00df an Sicherheit und Komfort. Dank seiner neutralen Farbe passt es zu jeder Art von Motorrad. Die gl\u00e4nzende wei\u00dfe Farbe und das ikonische Modell der siebziger Jahre machen es sehr eigenartig und einzigartig. Wenn Sie lange Reisen mit Ihrem Motorrad lieben, ist [&hellip;]<\/p>\n","protected":false},"featured_media":4814,"comment_status":"closed","ping_status":"closed","template":"","meta":{"_acf_changed":false},"product_brand":[],"product_cat":[409,422],"product_tag":[],"giftcard-category":[],"class_list":{"0":"post-12120","1":"product","2":"type-product","3":"status-publish","4":"has-post-thumbnail","6":"product_cat-sale-de","7":"product_cat-sale-helm","9":"first","10":"instock","11":"sale","12":"taxable","13":"shipping-taxable","14":"purchasable","15":"product-type-variable"},"acf":[],"jetpack_sharing_enabled":true,"_links":{"self":[{"href":"https:\/\/dmd.eu\/de\/wp-json\/wp\/v2\/product\/12120","targetHints":{"allow":["GET"]}}],"collection":[{"href":"https:\/\/dmd.eu\/de\/wp-json\/wp\/v2\/product"}],"about":[{"href":"https:\/\/dmd.eu\/de\/wp-json\/wp\/v2\/types\/product"}],"replies":[{"embeddable":true,"href":"https:\/\/dmd.eu\/de\/wp-json\/wp\/v2\/comments?post=12120"}],"wp:featuredmedia":[{"embeddable":true,"href":"https:\/\/dmd.eu\/de\/wp-json\/wp\/v2\/media\/4814"}],"wp:attachment":[{"href":"https:\/\/dmd.eu\/de\/wp-json\/wp\/v2\/media?parent=12120"}],"wp:term":[{"taxonomy":"product_brand","embeddable":true,"href":"https:\/\/dmd.eu\/de\/wp-json\/wp\/v2\/product_brand?post=12120"},{"taxonomy":"product_cat","embeddable":true,"href":"https:\/\/dmd.eu\/de\/wp-json\/wp\/v2\/product_cat?post=12120"},{"taxonomy":"product_tag","embeddable":true,"href":"https:\/\/dmd.eu\/de\/wp-json\/wp\/v2\/product_tag?post=12120"},{"taxonomy":"giftcard-category","embeddable":true,"href":"https:\/\/dmd.eu\/de\/wp-json\/wp\/v2\/giftcard-category?post=12120"}],"curies":[{"name":"wp","href":"https:\/\/api.w.org\/{rel}","templated":true}]}}