{"id":12104,"date":"2023-08-22T10:21:19","date_gmt":"2023-08-22T08:21:19","guid":{"rendered":"https:\/\/www.dmd.eu\/product\/unkategorisiert\/rocket-black\/"},"modified":"2025-12-02T00:14:42","modified_gmt":"2025-12-01T23:14:42","slug":"rocket-black","status":"publish","type":"product","link":"https:\/\/dmd.eu\/de\/prodotto\/sale-de\/sale-helm\/rocket-black\/","title":{"rendered":"ROCKET BLACK"},"content":{"rendered":"<p>Der einfarbige <strong>Integralhelm Rocket Black <\/strong> ist von einem ikonischen Modell aus den siebziger Jahren inspiriert, er ist sehr leicht, im Vintage-Design und bietet ein H\u00f6chstma\u00df an Sicherheit und Komfort, der dank seiner neutralen, gl\u00e4nzende Farbe zu jeder Art von Motorrad passt.<br \/>\nBesonders geeignet f\u00fcr einen Motorradfahrer, der den Vintage-Stil liebt und ein sicheres, komfortables und \u00e4sthetisch sch\u00f6nes Produkt sucht, egal ob Sie ein Custom, Vintage oder Caf\u00e9 Racer-Motorrad fahren.<\/p>\n<p>*ECE 22.05 zugelassenes Modell, das den Stra\u00dfenverkehrsbestimmungen entspricht, sodass Sie es sicher und ohne Bedenken weiterhin nutzen k\u00f6nnen.<\/p>\n","protected":false},"excerpt":{"rendered":"<p>Der einfarbige Integralhelm Rocket Black ist von einem ikonischen Modell aus den siebziger Jahren inspiriert, er ist sehr leicht, im Vintage-Design und bietet ein H\u00f6chstma\u00df an Sicherheit und Komfort, der dank seiner neutralen, gl\u00e4nzende Farbe zu jeder Art von Motorrad passt. Besonders geeignet f\u00fcr einen Motorradfahrer, der den Vintage-Stil liebt und ein sicheres, komfortables und [&hellip;]<\/p>\n","protected":false},"featured_media":4688,"comment_status":"closed","ping_status":"closed","template":"","meta":{"_acf_changed":false},"product_brand":[],"product_cat":[409,422],"product_tag":[],"giftcard-category":[],"class_list":{"0":"post-12104","1":"product","2":"type-product","3":"status-publish","4":"has-post-thumbnail","6":"product_cat-sale-de","7":"product_cat-sale-helm","9":"first","10":"instock","11":"sale","12":"taxable","13":"shipping-taxable","14":"purchasable","15":"product-type-variable"},"acf":[],"jetpack_sharing_enabled":true,"_links":{"self":[{"href":"https:\/\/dmd.eu\/de\/wp-json\/wp\/v2\/product\/12104","targetHints":{"allow":["GET"]}}],"collection":[{"href":"https:\/\/dmd.eu\/de\/wp-json\/wp\/v2\/product"}],"about":[{"href":"https:\/\/dmd.eu\/de\/wp-json\/wp\/v2\/types\/product"}],"replies":[{"embeddable":true,"href":"https:\/\/dmd.eu\/de\/wp-json\/wp\/v2\/comments?post=12104"}],"wp:featuredmedia":[{"embeddable":true,"href":"https:\/\/dmd.eu\/de\/wp-json\/wp\/v2\/media\/4688"}],"wp:attachment":[{"href":"https:\/\/dmd.eu\/de\/wp-json\/wp\/v2\/media?parent=12104"}],"wp:term":[{"taxonomy":"product_brand","embeddable":true,"href":"https:\/\/dmd.eu\/de\/wp-json\/wp\/v2\/product_brand?post=12104"},{"taxonomy":"product_cat","embeddable":true,"href":"https:\/\/dmd.eu\/de\/wp-json\/wp\/v2\/product_cat?post=12104"},{"taxonomy":"product_tag","embeddable":true,"href":"https:\/\/dmd.eu\/de\/wp-json\/wp\/v2\/product_tag?post=12104"},{"taxonomy":"giftcard-category","embeddable":true,"href":"https:\/\/dmd.eu\/de\/wp-json\/wp\/v2\/giftcard-category?post=12104"}],"curies":[{"name":"wp","href":"https:\/\/api.w.org\/{rel}","templated":true}]}}