{"id":12080,"date":"2023-08-17T23:32:56","date_gmt":"2023-08-17T21:32:56","guid":{"rendered":"https:\/\/www.dmd.eu\/product\/unkategorisiert\/racer-flash\/"},"modified":"2026-01-26T07:16:56","modified_gmt":"2026-01-26T06:16:56","slug":"racer-flash","status":"publish","type":"product","link":"https:\/\/dmd.eu\/de\/prodotto\/sale-de\/sale-helm\/racer-flash\/","title":{"rendered":"RACER FLASH"},"content":{"rendered":"<p>Der <strong>Integralhelm<\/strong> <strong>Racer Flash <\/strong>bietet vor allem f\u00fcr diejenigen, die Geschwindigkeit lieben, maximalen Schutz, Sicherheit und Komfort. Die monochromatische Wahl der gl\u00e4nzenden wei\u00dfen Farbe, angereichert mit dem schwarzen Blitz, verleiht dem Racer Flash Integralhelm einen minimalistischen und eleganten Stil, der sich ideal in Kombination mit Custom, Vintage, Caf\u00e9 Racer oder Harley Davidson-Motorr\u00e4dern eignet.<\/p>\n<p>*ECE 22.05 zugelassenes Modell, das den Stra\u00dfenverkehrsbestimmungen entspricht, sodass Sie es sicher und ohne Bedenken weiterhin nutzen k\u00f6nnen.<\/p>\n","protected":false},"excerpt":{"rendered":"<p>Der Integralhelm Racer Flash bietet vor allem f\u00fcr diejenigen, die Geschwindigkeit lieben, maximalen Schutz, Sicherheit und Komfort. Die monochromatische Wahl der gl\u00e4nzenden wei\u00dfen Farbe, angereichert mit dem schwarzen Blitz, verleiht dem Racer Flash Integralhelm einen minimalistischen und eleganten Stil, der sich ideal in Kombination mit Custom, Vintage, Caf\u00e9 Racer oder Harley Davidson-Motorr\u00e4dern eignet. *ECE 22.05 [&hellip;]<\/p>\n","protected":false},"featured_media":3103,"comment_status":"closed","ping_status":"closed","template":"","meta":{"_acf_changed":false},"product_brand":[],"product_cat":[409,422],"product_tag":[],"giftcard-category":[],"class_list":{"0":"post-12080","1":"product","2":"type-product","3":"status-publish","4":"has-post-thumbnail","6":"product_cat-sale-de","7":"product_cat-sale-helm","9":"first","10":"outofstock","11":"sale","12":"taxable","13":"shipping-taxable","14":"purchasable","15":"product-type-variable"},"acf":[],"jetpack_sharing_enabled":true,"_links":{"self":[{"href":"https:\/\/dmd.eu\/de\/wp-json\/wp\/v2\/product\/12080","targetHints":{"allow":["GET"]}}],"collection":[{"href":"https:\/\/dmd.eu\/de\/wp-json\/wp\/v2\/product"}],"about":[{"href":"https:\/\/dmd.eu\/de\/wp-json\/wp\/v2\/types\/product"}],"replies":[{"embeddable":true,"href":"https:\/\/dmd.eu\/de\/wp-json\/wp\/v2\/comments?post=12080"}],"wp:featuredmedia":[{"embeddable":true,"href":"https:\/\/dmd.eu\/de\/wp-json\/wp\/v2\/media\/3103"}],"wp:attachment":[{"href":"https:\/\/dmd.eu\/de\/wp-json\/wp\/v2\/media?parent=12080"}],"wp:term":[{"taxonomy":"product_brand","embeddable":true,"href":"https:\/\/dmd.eu\/de\/wp-json\/wp\/v2\/product_brand?post=12080"},{"taxonomy":"product_cat","embeddable":true,"href":"https:\/\/dmd.eu\/de\/wp-json\/wp\/v2\/product_cat?post=12080"},{"taxonomy":"product_tag","embeddable":true,"href":"https:\/\/dmd.eu\/de\/wp-json\/wp\/v2\/product_tag?post=12080"},{"taxonomy":"giftcard-category","embeddable":true,"href":"https:\/\/dmd.eu\/de\/wp-json\/wp\/v2\/giftcard-category?post=12080"}],"curies":[{"name":"wp","href":"https:\/\/api.w.org\/{rel}","templated":true}]}}